{"id":809,"date":"2025-01-20T12:45:42","date_gmt":"2025-01-20T12:45:42","guid":{"rendered":"https:\/\/cogaprel.es\/shop\/?post_type=product&#038;p=809"},"modified":"2025-01-20T12:54:57","modified_gmt":"2025-01-20T12:54:57","slug":"pr-electronics-6333a","status":"publish","type":"product","link":"https:\/\/cogaprel.es\/shop\/producto\/pr-electronics-6333a\/","title":{"rendered":"PR ELECTRONICS PR6333A"},"content":{"rendered":"<p><strong>PR ELECTRONICS PR6333A<\/strong>. Transmisor Programable de 2 hilos.<\/p>\n<h3>Aplicaci\u00f3n<\/h3>\n<ul>\n<li>Medida de temperatura linealizada con Pt100\u2026Pt1000, Ni100\u2026Ni1000.<\/li>\n<li>Conversi\u00f3n de la variaci\u00f3n de la resistencia lineal a se\u00f1al de corriente anal\u00f3gica est\u00e1ndar, por ejemplo de v\u00e1lvulas o sensores de nivel \u00f3hmicos.<\/li>\n<\/ul>\n<h3>Caracter\u00edsticas t\u00e9cnicas<\/h3>\n<ul>\n<li>En s\u00f3lo unos pocos segundos el usuario puede programar PR6333A para medir temperaturas dentro de todos los rangos definidos por la normativa.<\/li>\n<li>Las entradas de resistencia y RTD tienen compensaci\u00f3n de hilo para 3 hilos de conexi\u00f3n.<\/li>\n<li>Se puede programar un l\u00edmite en la se\u00f1al de salida.<\/li>\n<\/ul>\n<h3>Montaje \/ instalaci\u00f3n<\/h3>\n<ul>\n<li>Montado vertical u horizontalmente en carril DIN. Usando la versi\u00f3n de dos canales, pueden ser montados hasta 84 canales por metro.<\/li>\n<li>El 6333A puede ser montado en zona 2 y 22 \/ Clase I Divisi\u00f3n 2, Grupo A, B, C y D.<\/li>\n<\/ul>\n","protected":false},"excerpt":{"rendered":"<p><strong>PR ELECTRONICS PR6333A<\/strong>. Transmisor Programable de 2 hilos.<\/p>\n<ul>\n<li>Entrada RTD u Ohm<\/li>\n<li>Precisi\u00f3n en la medida alta<\/li>\n<li>Conexi\u00f3n 3 hilos<\/li>\n<li>Valor de error en el sensor programable<\/li>\n<li>Versi\u00f3n de 1 canal<\/li>\n<\/ul>\n","protected":false},"featured_media":810,"comment_status":"open","ping_status":"closed","template":"","meta":[],"product_brand":[],"product_cat":[38,94],"product_tag":[96,95,97,98,99],"class_list":{"0":"post-809","1":"product","2":"type-product","3":"status-publish","4":"has-post-thumbnail","6":"product_cat-industria","7":"product_cat-pr-electronics","8":"product_tag-adaptador-de-senal","9":"product_tag-prelectronics","10":"product_tag-pt100","11":"product_tag-pt1000","12":"product_tag-rtd","14":"first","15":"instock","16":"taxable","17":"shipping-taxable","18":"purchasable","19":"product-type-simple"},"_links":{"self":[{"href":"https:\/\/cogaprel.es\/shop\/wp-json\/wp\/v2\/product\/809","targetHints":{"allow":["GET"]}}],"collection":[{"href":"https:\/\/cogaprel.es\/shop\/wp-json\/wp\/v2\/product"}],"about":[{"href":"https:\/\/cogaprel.es\/shop\/wp-json\/wp\/v2\/types\/product"}],"replies":[{"embeddable":true,"href":"https:\/\/cogaprel.es\/shop\/wp-json\/wp\/v2\/comments?post=809"}],"wp:featuredmedia":[{"embeddable":true,"href":"https:\/\/cogaprel.es\/shop\/wp-json\/wp\/v2\/media\/810"}],"wp:attachment":[{"href":"https:\/\/cogaprel.es\/shop\/wp-json\/wp\/v2\/media?parent=809"}],"wp:term":[{"taxonomy":"product_brand","embeddable":true,"href":"https:\/\/cogaprel.es\/shop\/wp-json\/wp\/v2\/product_brand?post=809"},{"taxonomy":"product_cat","embeddable":true,"href":"https:\/\/cogaprel.es\/shop\/wp-json\/wp\/v2\/product_cat?post=809"},{"taxonomy":"product_tag","embeddable":true,"href":"https:\/\/cogaprel.es\/shop\/wp-json\/wp\/v2\/product_tag?post=809"}],"curies":[{"name":"wp","href":"https:\/\/api.w.org\/{rel}","templated":true}]}}