{"id":697,"date":"2023-09-21T07:30:50","date_gmt":"2023-09-21T07:30:50","guid":{"rendered":"https:\/\/cogaprel.es\/shop\/?post_type=product&#038;p=697"},"modified":"2023-09-21T08:29:48","modified_gmt":"2023-09-21T08:29:48","slug":"lenze-g50bb111mhar2c00-16372762","status":"publish","type":"product","link":"https:\/\/cogaprel.es\/shop\/producto\/lenze-g50bb111mhar2c00-16372762\/","title":{"rendered":"Lenze G50BB111MHAR2C00 16372762"},"content":{"rendered":"<div>\n<p><strong> Lenze G50BB111MHAR2C00 16372762<\/strong>. Motorreductor LENZE GMBH de engranajes c\u00f3nicos, eje hueco con patas y sin brida. Indice de reducci\u00f3n 5,185, velocidad de salida 280,6 rpm, par de salida 24Nm. Posici\u00f3n de montaje M2, ventilaci\u00f3n eterna 230Vac, realimentaci\u00f3n por encoder incremental IG1024-24V-H.<\/p>\n<h4>\u00a0Caracter\u00edsticas T\u00e9cnicas.<\/h4>\n<table style=\"font-weight: 400;\" width=\"524\">\n<tbody>\n<tr>\n<td width=\"160\">Serie de reductores<\/td>\n<td width=\"147\">Motorred. de engr. c\u00f3nico g500<\/td>\n<\/tr>\n<tr>\n<td width=\"160\">Reductor<\/td>\n<td width=\"147\">g500-B110<\/td>\n<\/tr>\n<tr>\n<td width=\"160\">Motor<\/td>\n<td width=\"147\">m550-P80\/M4<\/td>\n<\/tr>\n<tr>\n<td width=\"160\">Potencia nominal<\/td>\n<td width=\"147\">0,750 kW<\/td>\n<\/tr>\n<tr>\n<td width=\"160\">Frecuencia nominal<\/td>\n<td width=\"147\">50 hz<\/td>\n<\/tr>\n<tr>\n<td width=\"160\">Relaci\u00f3n de reducci\u00f3n<\/td>\n<td width=\"147\">5,185<\/td>\n<\/tr>\n<tr>\n<td width=\"160\">Velocidad de salida<\/td>\n<td width=\"147\">280,6 r\/min<\/td>\n<\/tr>\n<tr>\n<td width=\"160\">Par de salida<\/td>\n<td width=\"147\">24 Nm<\/td>\n<\/tr>\n<tr>\n<td width=\"160\">Carga admisible<\/td>\n<td width=\"147\">2,85<\/td>\n<\/tr>\n<tr>\n<td width=\"160\">Momento de inercia<\/td>\n<td width=\"147\">27,993 kgcm2<\/td>\n<\/tr>\n<tr>\n<td width=\"160\">Montaje motor en reductor<\/td>\n<td width=\"147\">Montaje directo (mot. Integ.)<\/td>\n<\/tr>\n<tr>\n<td width=\"160\">Indice de protecci\u00f3n<\/td>\n<td width=\"147\">IP55<\/td>\n<\/tr>\n<tr>\n<td width=\"160\">Acabado\/Protecci\u00f3n Corrosi\u00f3n<\/td>\n<td width=\"147\">OKS-S (Small; C1)<\/td>\n<\/tr>\n<tr>\n<td width=\"160\">Color<\/td>\n<td width=\"147\">RAL 7012 = Gr\u00eds basalto<\/td>\n<\/tr>\n<tr>\n<td width=\"160\">Placa caracter\u00edsticas 1 \/ 2<\/td>\n<td width=\"147\">Etiqueta adhesiva \/ sin<\/td>\n<\/tr>\n<tr>\n<td width=\"160\">Reductor-Code<\/td>\n<td width=\"147\">G50BB111MHAR2C00<\/td>\n<\/tr>\n<tr>\n<td width=\"160\">Tipo de eje<\/td>\n<td width=\"147\">H &#8211; Eje hueco<\/td>\n<\/tr>\n<tr>\n<td width=\"160\">Eje de salida<\/td>\n<td width=\"147\">25 mm, DIN 6885\/3<\/td>\n<\/tr>\n<tr>\n<td width=\"160\">Forma constructiva<\/td>\n<td width=\"147\">A &#8211; con pata, con centrado<\/td>\n<\/tr>\n<tr>\n<td width=\"160\">Brida de salida<\/td>\n<td width=\"147\">R &#8211; sin brida<\/td>\n<\/tr>\n<tr>\n<td width=\"160\">Brazo de reacci\u00f3n<\/td>\n<td width=\"147\">anillo centraje<\/td>\n<\/tr>\n<tr>\n<td width=\"160\">Unidad ventilaci\u00f3n<\/td>\n<td width=\"147\">Sin ventilaci\u00f3n<\/td>\n<\/tr>\n<tr>\n<td width=\"160\">Lubricante<\/td>\n<td width=\"147\">CLP 460<\/td>\n<\/tr>\n<tr>\n<td width=\"160\">Cantidad lubricante reductor<\/td>\n<td width=\"147\">0,60 l<\/td>\n<\/tr>\n<tr>\n<td width=\"160\">Grasa de montaje<\/td>\n<td width=\"147\">No inclu\u00edda<\/td>\n<\/tr>\n<tr>\n<td width=\"160\">Posici\u00f3n montaje<\/td>\n<td width=\"147\">M2 [D]<\/td>\n<\/tr>\n<tr>\n<td width=\"160\">Pos. brazo de reacci\u00f3n<\/td>\n<td width=\"147\">R [5]<\/td>\n<\/tr>\n<tr>\n<td width=\"160\">\u00c1ngulo del plato de reacci\u00f3n<\/td>\n<td width=\"147\">135 \u00b0<\/td>\n<\/tr>\n<tr>\n<td width=\"160\">Motor-Code<\/td>\n<td width=\"147\">M55BP080M045F0ECC<\/td>\n<\/tr>\n<tr>\n<td width=\"160\">Clase de eficiencia<\/td>\n<td width=\"147\">IE3<\/td>\n<\/tr>\n<tr>\n<td width=\"160\">Velocidad nominal<\/td>\n<td width=\"147\">1.455 r\/min<\/td>\n<\/tr>\n<tr>\n<td width=\"160\">Par nominal<\/td>\n<td width=\"147\">4,92 Nm<\/td>\n<\/tr>\n<tr>\n<td width=\"160\">Versi\u00f3n de bobinado<\/td>\n<td width=\"147\">tri\u00e1ngulo \/ Estrella<\/td>\n<\/tr>\n<tr>\n<td width=\"160\">Tensi\u00f3n nominal<\/td>\n<td width=\"147\">230 \/ 400 V<\/td>\n<\/tr>\n<tr>\n<td width=\"160\">Intensidad nominal<\/td>\n<td width=\"147\">2.77 \/ 1.60 A<\/td>\n<\/tr>\n<tr>\n<td width=\"160\">Factor de potencia<\/td>\n<td width=\"147\">0,84<\/td>\n<\/tr>\n<tr>\n<td width=\"160\">Modo de operaci\u00f3n<\/td>\n<td width=\"147\">S1<\/td>\n<\/tr>\n<tr>\n<td width=\"160\">Tipo de conexi\u00f3n<\/td>\n<td width=\"147\">Caja de bornes<\/td>\n<\/tr>\n<tr>\n<td width=\"160\">Caja de bornes del motor<\/td>\n<td width=\"147\">M<\/td>\n<\/tr>\n<tr>\n<td width=\"160\">Clase de temperatura<\/td>\n<td width=\"147\">F<\/td>\n<\/tr>\n<tr>\n<td width=\"160\">Protecci\u00f3n motor<\/td>\n<td width=\"147\">TKO (Contacto t\u00e9rmico NC)<\/td>\n<\/tr>\n<tr>\n<td width=\"160\">Refrigeraci\u00f3n<\/td>\n<td width=\"147\">Ventilador externo<\/td>\n<\/tr>\n<tr>\n<td width=\"160\">Conexionado ventilador externo<\/td>\n<td width=\"147\">1~\/3~<\/td>\n<\/tr>\n<tr>\n<td width=\"160\">Conexi\u00f3n ventilaci\u00f3n forzada<\/td>\n<td width=\"147\">Caja de bornes<\/td>\n<\/tr>\n<tr>\n<td width=\"160\">Transductor<\/td>\n<td width=\"147\">Encoder increm IG1024-24V-H<\/td>\n<\/tr>\n<tr>\n<td width=\"160\">Forma constructiva realim.<\/td>\n<td width=\"147\">Interna<\/td>\n<\/tr>\n<tr>\n<td width=\"160\">Conexi\u00f3n el\u00e9c.-realimentaci\u00f3n<\/td>\n<td width=\"147\">Caja de bornes<\/td>\n<\/tr>\n<tr>\n<td width=\"160\">Motorcode C86<\/td>\n<td width=\"147\">2063<\/td>\n<\/tr>\n<tr>\n<td width=\"160\">Pos. caja de bornes<\/td>\n<td width=\"147\">T [2]<\/td>\n<\/tr>\n<tr>\n<td width=\"160\">Pos. entrada de cable<\/td>\n<td width=\"147\">R<\/td>\n<\/tr>\n<tr>\n<td width=\"160\">Pos. caja bornes vent. externo<\/td>\n<td width=\"147\">T [2]<\/td>\n<\/tr>\n<tr>\n<td width=\"160\">Peso<\/td>\n<td width=\"147\">20.3 KG<\/td>\n<\/tr>\n<\/tbody>\n<\/table>\n<h5><\/h5>\n<h5><strong>Equivalencia con:<\/strong><\/h5>\n<p>LENZE\u00a0<span lang=\"de\"><strong>G50BB111MHAR2C00<\/strong> motorreductor de engranajes c\u00f3nico <\/span>Id.n\u00ba- <strong>16104117<\/strong>.\u00a0<span lang=\"de\">Este producto est\u00e1 descatalogado y ya no pertenece a nuestro surtido. El suministro \u00fanicamente es posible como pieza de recambio. Lenze ofrece los nuevos motores trif\u00e1sicos m550-P (generaci\u00f3n B) como productos alternativos de alta eficiencia energ\u00e9tica. Id\u00e9nticas caracter\u00edsticas que el Id. n\u00ba- 16372762<br \/>\n<\/span><\/p>\n<p>Consulta nuestras condiciones de venta en productos descatalogados y\/o custom como esta unidad de ventilaci\u00f3n EBM. Producto en stock, nuevo, sin usar. <a href=\"https:\/\/cogaprel.es\/shop\/reembolso_devoluciones\/\">CONDICIONES GENERALES.<\/a><\/p>\n<\/div>\n<p>&nbsp;<\/p>\n<p>Consulta nuestras marcas en<a href=\"https:\/\/www.cogaprel.com\/industria\/\"> www.cogaprel.com<\/a><\/p>\n<div>\n<p>Con los motores trif\u00e1sicos m550 y m540, le ofrecemos una soluci\u00f3n de accionamiento con garant\u00eda de futuro para su m\u00e1quina. Adem\u00e1s, estos motores cumplen los requisitos legales de las regiones m\u00e1s importantes del mundo, como Estados Unidos, Europa y Asia.<\/p>\n<p>Los motores trif\u00e1sicos IE2 m550-H cubren el rango de potencia 0.12\u2026\u00a00.55\u00a0kW y son muy eficientes, de conformidad con IE2.<\/p>\n<p>Los motores trif\u00e1sicos IE3 m550-P cubren el rango de potencia 0.75\u2026.\u00a022\u00a0kW y son muy eficientes, de conformidad con IE3.<\/p>\n<p>Los motores trif\u00e1sicos IE3 m540-P cubren el rango de potencia 30\u2026\u00a055\u00a0kW y son muy eficientes, de conformidad con IE3.<\/p>\n<h5>Caracter\u00edsticas principales<\/h5>\n<ul>\n<li>Clases de eficiencia energ\u00e9tica para un uso rentable y con garant\u00eda de futuro en muchas aplicaciones y pa\u00edses<\/li>\n<li>Sistema modular escalable para una adaptaci\u00f3n \u00f3ptima a los requisitos de la m\u00e1quina<\/li>\n<li>Conexi\u00f3n sencilla mediante caja de bornes o conectores convencionales del mercado para una r\u00e1pida puesta en marcha<\/li>\n<li>Optimizado para el uso como motorreductores con los reductores g500 y para los convertidores de frecuencia i550<\/li>\n<\/ul>\n<\/div>\n","protected":false},"excerpt":{"rendered":"<p><strong>Lenze G50BB111MHAR2C00 16372762<\/strong>. Motorreductor LENZE GMBH de engranajes c\u00f3nicos, eje hueco con patas y sin brida. Indice de reducci\u00f3n 5,185, velocidad de salida 280,6 rpm, par de salida 24Nm. Posici\u00f3n de montaje M2, ventilaci\u00f3n eterna 230Vac, realimentaci\u00f3n por encoder incremental IG1024-24V-H.<\/p>\n<p>Plazo aprox. 5-6 semanas.<\/p>\n<div>\n<h5><strong>Equivalencia con:<\/strong><\/h5>\n<p>LENZE\u00a0<span lang=\"de\"><strong>G50BB111MHAR2C00<\/strong> motorreductor de engranajes c\u00f3nico <\/span>Id.n\u00ba- <strong>16104117<\/strong>.\u00a0<span lang=\"de\">Este producto est\u00e1 descatalogado y ya no pertenece a nuestro surtido. El suministro \u00fanicamente es posible como pieza de recambio. Lenze ofrece los nuevos motores trif\u00e1sicos m550-P (generaci\u00f3n B) como productos alternativos de alta eficiencia energ\u00e9tica. Id\u00e9nticas caracter\u00edsticas que el Id. n\u00ba- 16372762<br \/>\n<\/span><\/p>\n<p>Consulta nuestras condiciones de venta en productos descatalogados y\/o custom como esta unidad de ventilaci\u00f3n EBM. Producto en stock, nuevo, sin usar. <a href=\"https:\/\/cogaprel.es\/shop\/reembolso_devoluciones\/\">CONDICIONES GENERALES.<\/a><\/p>\n<\/div>\n<p>&nbsp;<\/p>\n<p>Consulta nuestras marcas en<a href=\"https:\/\/www.cogaprel.com\/industria\/\"> www.cogaprel.com<\/a><\/p>\n<div>\n<p>Con los motores trif\u00e1sicos m550 y m540, le ofrecemos una soluci\u00f3n de accionamiento con garant\u00eda de futuro para su m\u00e1quina. Adem\u00e1s, estos motores cumplen los requisitos legales de las regiones m\u00e1s importantes del mundo, como Estados Unidos, Europa y Asia.<\/p>\n<p>Los motores trif\u00e1sicos IE2 m550-H cubren el rango de potencia 0.12\u2026\u00a00.55\u00a0kW y son muy eficientes, de conformidad con IE2.<\/p>\n<p>Los motores trif\u00e1sicos IE3 m550-P cubren el rango de potencia 0.75\u2026.\u00a022\u00a0kW y son muy eficientes, de conformidad con IE3.<\/p>\n<p>Los motores trif\u00e1sicos IE3 m540-P cubren el rango de potencia 30\u2026\u00a055\u00a0kW y son muy eficientes, de conformidad con IE3.<\/p>\n<h5>Caracter\u00edsticas principales<\/h5>\n<ul>\n<li>Clases de eficiencia energ\u00e9tica para un uso rentable y con garant\u00eda de futuro en muchas aplicaciones y pa\u00edses<\/li>\n<li>Sistema modular escalable para una adaptaci\u00f3n \u00f3ptima a los requisitos de la m\u00e1quina<\/li>\n<li>Conexi\u00f3n sencilla mediante caja de bornes o conectores convencionales del mercado para una r\u00e1pida puesta en marcha<\/li>\n<li>Optimizado para el uso como motorreductores con los reductores g500 y para los convertidores de frecuencia i550<\/li>\n<\/ul>\n<\/div>\n<p>&nbsp;<\/p>\n","protected":false},"featured_media":700,"comment_status":"open","ping_status":"closed","template":"","meta":[],"product_brand":[],"product_cat":[38,51],"product_tag":[89,68,88],"class_list":{"0":"post-697","1":"product","2":"type-product","3":"status-publish","4":"has-post-thumbnail","6":"product_cat-industria","7":"product_cat-lenze-gmbh","8":"product_tag-conico","9":"product_tag-lenze","10":"product_tag-motorreductor","12":"first","13":"onbackorder","14":"taxable","15":"shipping-taxable","16":"purchasable","17":"product-type-simple"},"_links":{"self":[{"href":"https:\/\/cogaprel.es\/shop\/wp-json\/wp\/v2\/product\/697","targetHints":{"allow":["GET"]}}],"collection":[{"href":"https:\/\/cogaprel.es\/shop\/wp-json\/wp\/v2\/product"}],"about":[{"href":"https:\/\/cogaprel.es\/shop\/wp-json\/wp\/v2\/types\/product"}],"replies":[{"embeddable":true,"href":"https:\/\/cogaprel.es\/shop\/wp-json\/wp\/v2\/comments?post=697"}],"wp:featuredmedia":[{"embeddable":true,"href":"https:\/\/cogaprel.es\/shop\/wp-json\/wp\/v2\/media\/700"}],"wp:attachment":[{"href":"https:\/\/cogaprel.es\/shop\/wp-json\/wp\/v2\/media?parent=697"}],"wp:term":[{"taxonomy":"product_brand","embeddable":true,"href":"https:\/\/cogaprel.es\/shop\/wp-json\/wp\/v2\/product_brand?post=697"},{"taxonomy":"product_cat","embeddable":true,"href":"https:\/\/cogaprel.es\/shop\/wp-json\/wp\/v2\/product_cat?post=697"},{"taxonomy":"product_tag","embeddable":true,"href":"https:\/\/cogaprel.es\/shop\/wp-json\/wp\/v2\/product_tag?post=697"}],"curies":[{"name":"wp","href":"https:\/\/api.w.org\/{rel}","templated":true}]}}