{"id":692,"date":"2023-08-29T07:49:52","date_gmt":"2023-08-29T07:49:52","guid":{"rendered":"https:\/\/cogaprel.es\/shop\/?post_type=product&#038;p=692"},"modified":"2023-08-29T08:15:22","modified_gmt":"2023-08-29T08:15:22","slug":"lenze-mcs09d41-srsb0-16142415","status":"publish","type":"product","link":"https:\/\/cogaprel.es\/shop\/producto\/lenze-mcs09d41-srsb0-16142415\/","title":{"rendered":"lenze MCS09D41-SRSB0 16142415"},"content":{"rendered":"<div>\n<p style=\"text-align: left;\"><strong>LENZE MCS09D41-SRSB0 16142415<\/strong> Servomotor LENZE GMBH 400 Vac, 1,00 KW, 4.050 rpm, S1, PT1000, B5 FF100 (A250), eje 14&#215;30 sin chaveta. Realimentaci\u00f3n por encoder absoluto monovuelta 1024-8V-H. <a href=\"http:\/\/www.lenze.es\"><span style=\"text-align: center;\">www.lenze.es<\/span><\/a><\/p>\n<p>Este equipo es sustituto de <strong>LENZE<\/strong> <strong>MCS 09D41- servomotor <\/strong>Id.n\u00ba- <strong>15192272 <\/strong>e Id.n\u00ba- <strong>16869387<\/strong>.<\/p>\n<p style=\"text-align: left;\">Servomotor OEM completamente nuevo y funcional. Plazo aproximadamente 7-8 semanas.<\/p>\n<table width=\"524\">\n<tbody>\n<tr>\n<td width=\"160\">Tipo de motor<\/td>\n<td width=\"147\">Servomotor s\u00edncrono MCS<\/td>\n<\/tr>\n<tr>\n<td width=\"160\">Motor<\/td>\n<td width=\"147\">MCS 09D41-<\/td>\n<\/tr>\n<tr>\n<td width=\"160\">Motor-Code<\/td>\n<td width=\"147\">MCS09D41-SRSB0<\/td>\n<\/tr>\n<tr>\n<td width=\"160\">Potencia nominal<\/td>\n<td width=\"147\">1,000 kW<\/td>\n<\/tr>\n<tr>\n<td width=\"160\">Velocidad nominal<\/td>\n<td width=\"147\">4.050 r\/min<\/td>\n<\/tr>\n<tr>\n<td width=\"160\">Par nominal<\/td>\n<td width=\"147\">2,30 Nm<\/td>\n<\/tr>\n<tr>\n<td width=\"160\">Tensi\u00f3n nominal<\/td>\n<td width=\"147\">320 V<\/td>\n<\/tr>\n<tr>\n<td width=\"160\">Frecuencia nominal<\/td>\n<td width=\"147\">270 hz<\/td>\n<\/tr>\n<tr>\n<td width=\"160\">Intensidad nominal<\/td>\n<td width=\"147\">2,300 A<\/td>\n<\/tr>\n<tr>\n<td width=\"160\">Factor de potencia<\/td>\n<td width=\"147\">1,00<\/td>\n<\/tr>\n<tr>\n<td width=\"160\">Modo de operaci\u00f3n<\/td>\n<td width=\"147\">S1<\/td>\n<\/tr>\n<tr>\n<td width=\"160\">Forma constructiva motor<\/td>\n<td width=\"147\">B5<\/td>\n<\/tr>\n<tr>\n<td width=\"160\">Brida<\/td>\n<td width=\"147\">FF100 (A120)<\/td>\n<\/tr>\n<tr>\n<td width=\"160\">Eje de motor dxl<\/td>\n<td width=\"147\">14&#215;30 sin chaveta<\/td>\n<\/tr>\n<tr>\n<td width=\"160\">Tipo de conexi\u00f3n<\/td>\n<td width=\"147\">Conector ICN M23 6pol.<\/td>\n<\/tr>\n<tr>\n<td width=\"160\">Clase de temperatura<\/td>\n<td width=\"147\">F<\/td>\n<\/tr>\n<tr>\n<td width=\"160\">Protecci\u00f3n motor<\/td>\n<td width=\"147\">PT1k+2PTC<\/td>\n<\/tr>\n<tr>\n<td width=\"160\">Indice de protecci\u00f3n<\/td>\n<td width=\"147\">IP54<\/td>\n<\/tr>\n<tr>\n<td width=\"160\">Color<\/td>\n<td width=\"147\">RAL 9005 = Negro matte<\/td>\n<\/tr>\n<tr>\n<td width=\"160\">Acabado\/Protecci\u00f3n Corrosi\u00f3n<\/td>\n<td width=\"147\">OKS-G (Imprimaci\u00f3n)<\/td>\n<\/tr>\n<tr>\n<td width=\"160\">Refrigeraci\u00f3n<\/td>\n<td width=\"147\">autoventilado<\/td>\n<\/tr>\n<tr>\n<td width=\"160\">Transductor<\/td>\n<td width=\"147\">Encoder absol. AS1024-8V-H<\/td>\n<\/tr>\n<tr>\n<td width=\"160\">Conexi\u00f3n el\u00e9c.-realimentaci\u00f3n<\/td>\n<td width=\"147\">Conector M23 12pol. 20\u00b0 codif.<\/td>\n<\/tr>\n<tr>\n<td width=\"160\">Autoriz. merc. US,CD<\/td>\n<td width=\"147\">cURus<\/td>\n<\/tr>\n<tr>\n<td width=\"160\">Motorcode C86<\/td>\n<td width=\"147\">1417<\/td>\n<\/tr>\n<tr>\n<td width=\"160\">Momento de inercia<\/td>\n<td width=\"147\">1,130 kgcm2<\/td>\n<\/tr>\n<tr>\n<td width=\"160\">Placa caracter\u00edsticas 1 \/ 2<\/td>\n<td width=\"147\">Etiqueta adhesiva \/ sin<\/td>\n<\/tr>\n<tr>\n<td width=\"160\">Pos. conector de potencia<\/td>\n<td width=\"147\">T [2]<\/td>\n<\/tr>\n<tr>\n<td width=\"160\">Pos. conector realimentaci\u00f3n<\/td>\n<td width=\"147\">T [2]<\/td>\n<\/tr>\n<tr>\n<td width=\"160\">Peso<\/td>\n<td width=\"147\">5.04 KG<\/td>\n<\/tr>\n<\/tbody>\n<\/table>\n<\/div>\n<div>\n<h5 style=\"text-align: left;\"><strong>Equivalencia con:<\/strong><\/h5>\n<p style=\"text-align: left;\">LENZE <strong>MCS 09D41- servomotor <\/strong>Id.n\u00ba- <strong>15192272 <\/strong>sustituido por Id.n\u00ba- <strong>16869387<\/strong>. Material descatalogado sustituidos ambos por Id.n\u00ba-<strong>16142415<\/strong> que se suministra con sonda de temperatura PT1000 en vez de la sonda KTY de los equipos originales. Es necesario modificar la programaci\u00f3n de la monitorizaci\u00f3n t\u00e9rmica de los drives que gestionan estos equipos.<\/p>\n<p>&nbsp;<\/p>\n<\/div>\n<p><!--more--><\/p>\n<p style=\"text-align: left;\">Consulta nuestras condiciones de venta en productos descatalogados y\/o custom como esta unidad de ventilaci\u00f3n EBM. Producto en stock, nuevo, sin usar. <a href=\"https:\/\/cogaprel.es\/shop\/reembolso_devoluciones\/\">CONDICIONES GENERALES.<\/a><\/p>\n<p style=\"text-align: left;\">Consulta nuestras marcas en<a href=\"https:\/\/www.cogaprel.com\/industria\/\"> www.cogaprel.com<\/a><\/p>\n<div>\n<p style=\"text-align: left;\">Con los motores trif\u00e1sicos m550 y m540, le ofrecemos una soluci\u00f3n de accionamiento con garant\u00eda de futuro para su m\u00e1quina. Adem\u00e1s, estos motores cumplen los requisitos legales de las regiones m\u00e1s importantes del mundo, como Estados Unidos, Europa y Asia.<\/p>\n<p style=\"text-align: left;\">Los motores trif\u00e1sicos IE2 m550-H cubren el rango de potencia 0.12&#8230;\u00a00.55\u00a0kW y son muy eficientes, de conformidad con IE2.<\/p>\n<p style=\"text-align: left;\">Los motores trif\u00e1sicos IE3 m550-P cubren el rango de potencia 0.75&#8230;.\u00a022\u00a0kW y son muy eficientes, de conformidad con IE3.<\/p>\n<p style=\"text-align: left;\">Los motores trif\u00e1sicos IE3 m540-P cubren el rango de potencia 30&#8230;\u00a055\u00a0kW y son muy eficientes, de conformidad con IE3.<\/p>\n<h5 style=\"text-align: left;\">Caracter\u00edsticas principales<\/h5>\n<ul>\n<li style=\"text-align: left;\">Clases de eficiencia energ\u00e9tica para un uso rentable y con garant\u00eda de futuro en muchas aplicaciones y pa\u00edses<\/li>\n<li style=\"text-align: left;\">Sistema modular escalable para una adaptaci\u00f3n \u00f3ptima a los requisitos de la m\u00e1quina<\/li>\n<li style=\"text-align: left;\">Conexi\u00f3n sencilla mediante caja de bornes o conectores convencionales del mercado para una r\u00e1pida puesta en marcha<\/li>\n<li style=\"text-align: left;\">Optimizado para el uso como motorreductores con los reductores g500 y para los convertidores de frecuencia i550<\/li>\n<\/ul>\n<\/div>\n","protected":false},"excerpt":{"rendered":"<div>\n<p style=\"text-align: left;\"><strong>LENZE MCS09D41-SRSB0 16142415<\/strong> Servomotor LENZE GMBH 400 Vac, 1,00 KW, 4.050 rpm, S1, PT1000, B5 FF100 (A250), eje 14&#215;30 sin chaveta. Realimentaci\u00f3n por encoder absoluto monovuelta 1024-8V-H. <a href=\"http:\/\/www.lenze.es\"><span style=\"text-align: center;\">www.lenze.es<\/span><\/a><\/p>\n<p>Este equipo es sustituto de <strong>LENZE<\/strong> <strong>MCS 09D41- servomotor <\/strong>Id.n\u00ba- <strong>15192272 <\/strong>e Id.n\u00ba- <strong>16869387<\/strong>.<\/p>\n<p style=\"text-align: left;\">Servomotor OEM completamente nuevo y funcional. Plazo aproximadamente 7-8 semanas.<\/p>\n<p><strong style=\"color: #3c424f; font-family: Muli, sans-serif; letter-spacing: 0.14rem;\">Equivalencia con:<\/strong><\/p>\n<p>&nbsp;<\/p>\n<\/div>\n<div>\n<p style=\"text-align: left;\">LENZE <strong>MCS 09D41- servomotor <\/strong>Id.n\u00ba- <strong>15192272 <\/strong>sustituido por Id.n\u00ba- <strong>16869387<\/strong>. Material descatalogado sustituidos ambos por Id.n\u00ba-<strong>16142415<\/strong> que se suministra con sonda de temperatura PT1000 en vez de la sonda KTY de los equipos originales. Es necesario modificar la programaci\u00f3n de la monitorizaci\u00f3n t\u00e9rmica de los drives que gestionan estos equipos.<\/p>\n<\/div>\n","protected":false},"featured_media":694,"comment_status":"open","ping_status":"closed","template":"","meta":[],"product_brand":[],"product_cat":[38,51,39],"product_tag":[76,68,75,74,69],"class_list":{"0":"post-692","1":"product","2":"type-product","3":"status-publish","4":"has-post-thumbnail","6":"product_cat-industria","7":"product_cat-lenze-gmbh","8":"product_cat-motores","9":"product_tag-intorq","10":"product_tag-lenze","11":"product_tag-lenze-gmbh","12":"product_tag-motor-ac","13":"product_tag-servo","15":"first","16":"instock","17":"taxable","18":"shipping-taxable","19":"purchasable","20":"product-type-simple"},"_links":{"self":[{"href":"https:\/\/cogaprel.es\/shop\/wp-json\/wp\/v2\/product\/692","targetHints":{"allow":["GET"]}}],"collection":[{"href":"https:\/\/cogaprel.es\/shop\/wp-json\/wp\/v2\/product"}],"about":[{"href":"https:\/\/cogaprel.es\/shop\/wp-json\/wp\/v2\/types\/product"}],"replies":[{"embeddable":true,"href":"https:\/\/cogaprel.es\/shop\/wp-json\/wp\/v2\/comments?post=692"}],"wp:featuredmedia":[{"embeddable":true,"href":"https:\/\/cogaprel.es\/shop\/wp-json\/wp\/v2\/media\/694"}],"wp:attachment":[{"href":"https:\/\/cogaprel.es\/shop\/wp-json\/wp\/v2\/media?parent=692"}],"wp:term":[{"taxonomy":"product_brand","embeddable":true,"href":"https:\/\/cogaprel.es\/shop\/wp-json\/wp\/v2\/product_brand?post=692"},{"taxonomy":"product_cat","embeddable":true,"href":"https:\/\/cogaprel.es\/shop\/wp-json\/wp\/v2\/product_cat?post=692"},{"taxonomy":"product_tag","embeddable":true,"href":"https:\/\/cogaprel.es\/shop\/wp-json\/wp\/v2\/product_tag?post=692"}],"curies":[{"name":"wp","href":"https:\/\/api.w.org\/{rel}","templated":true}]}}