{"id":649,"date":"2023-07-28T07:52:42","date_gmt":"2023-07-28T07:52:42","guid":{"rendered":"https:\/\/cogaprel.es\/shop\/?post_type=product&#038;p=649"},"modified":"2023-07-28T08:24:42","modified_gmt":"2023-07-28T08:24:42","slug":"lenze-mhemaig112-22c1c-16213534","status":"publish","type":"product","link":"https:\/\/cogaprel.es\/shop\/producto\/lenze-mhemaig112-22c1c-16213534\/","title":{"rendered":"lenze mhemaig112-22c1c 16213534"},"content":{"rendered":"<div>\n<p style=\"text-align: left;\"><strong>LENZE MHEMAIG112-22C1C 16213534<\/strong> Motor trif\u00e1sico LENZE GMBH 230\/400 Vac, 4,00KW, 1455rpm, IE2, B5 FF215 (A250), eje 28&#215;60 con chaveta. Encoder incremental IG128ppv con conector M12 4 polos. <a href=\"http:\/\/www.lenze.es\"><span style=\"text-align: center;\">www.lenze.es<\/span><\/a><\/p>\n<p style=\"text-align: left;\">Motor trif\u00e1sico OEM completamente nuevo y funcional. En stock para suministro inmediato.<\/p>\n<table style=\"font-weight: 400; height: 2300px;\" width=\"413\">\n<tbody>\n<tr>\n<td width=\"160\">Tipo de motor<\/td>\n<td width=\"147\">Motor trif\u00e1sico AC MH<\/td>\n<\/tr>\n<tr>\n<td width=\"160\">Motor<\/td>\n<td width=\"147\">MH 112-22<\/td>\n<\/tr>\n<tr>\n<td width=\"160\">Motor-Code<\/td>\n<td width=\"147\">MHEMAIG112-22C1C<\/td>\n<\/tr>\n<tr>\n<td width=\"160\">Potencia nominal<\/td>\n<td width=\"147\">4,000 kW<\/td>\n<\/tr>\n<tr>\n<td width=\"160\">Clase de eficiencia<\/td>\n<td width=\"147\">IE2<\/td>\n<\/tr>\n<tr>\n<td width=\"160\">Forma constructiva motor<\/td>\n<td width=\"147\">B5<\/td>\n<\/tr>\n<tr>\n<td width=\"160\">Brida<\/td>\n<td width=\"147\">FF215 (A250)<\/td>\n<\/tr>\n<tr>\n<td width=\"160\">Eje de motor dxl<\/td>\n<td width=\"147\">28&#215;60 con chaveta<\/td>\n<\/tr>\n<tr>\n<td width=\"160\">Velocidad nominal<\/td>\n<td width=\"147\">1.455 r\/min<\/td>\n<\/tr>\n<tr>\n<td width=\"160\">Par nominal<\/td>\n<td width=\"147\">26,30 Nm<\/td>\n<\/tr>\n<tr>\n<td width=\"160\">Tensi\u00f3n nominal<\/td>\n<td width=\"147\">230 \/ 400 V<\/td>\n<\/tr>\n<tr>\n<td width=\"160\">Intensidad nominal<\/td>\n<td width=\"147\">14.50 \/ 8.40 A<\/td>\n<\/tr>\n<tr>\n<td width=\"160\">Frecuencia nominal<\/td>\n<td width=\"147\">50 hz<\/td>\n<\/tr>\n<tr>\n<td width=\"160\">Factor de potencia<\/td>\n<td width=\"147\">0,80<\/td>\n<\/tr>\n<tr>\n<td width=\"160\">Modo de operaci\u00f3n<\/td>\n<td width=\"147\">S1<\/td>\n<\/tr>\n<tr>\n<td width=\"160\">Tipo de conexi\u00f3n<\/td>\n<td width=\"147\">Caja de bornes<\/td>\n<\/tr>\n<tr>\n<td width=\"160\">Clase de temperatura<\/td>\n<td width=\"147\">F<\/td>\n<\/tr>\n<tr>\n<td width=\"160\">Protecci\u00f3n motor<\/td>\n<td width=\"147\">TKO (Contacto t\u00e9rmico NC)<\/td>\n<\/tr>\n<tr>\n<td width=\"160\">Indice de protecci\u00f3n<\/td>\n<td width=\"147\">IP54<\/td>\n<\/tr>\n<tr>\n<td width=\"160\">Color<\/td>\n<td width=\"147\">RAL 7012 = Gr\u00eds basalto<\/td>\n<\/tr>\n<tr>\n<td width=\"160\">Acabado\/Protecci\u00f3n Corrosi\u00f3n<\/td>\n<td width=\"147\">OKS-S (Small; C1)<\/td>\n<\/tr>\n<tr>\n<td width=\"160\">Refrigeraci\u00f3n<\/td>\n<td width=\"147\">Ventilador propio<\/td>\n<\/tr>\n<tr>\n<td width=\"160\">Transductor<\/td>\n<td width=\"147\">Encoder increm IG128-24V-H<\/td>\n<\/tr>\n<tr>\n<td width=\"160\">Conexi\u00f3n el\u00e9c.-realimentaci\u00f3n<\/td>\n<td width=\"147\">Conector M12 4pol.<\/td>\n<\/tr>\n<tr>\n<td width=\"160\">Motorcode C86<\/td>\n<td width=\"147\">1535<\/td>\n<\/tr>\n<tr>\n<td width=\"160\">Momento de inercia<\/td>\n<td width=\"147\">135,000 kgcm2<\/td>\n<\/tr>\n<tr>\n<td width=\"160\">Pos. caja de bornes<\/td>\n<td width=\"147\">T [2]<\/td>\n<\/tr>\n<tr>\n<td width=\"160\"><\/td>\n<td width=\"147\"><\/td>\n<\/tr>\n<tr>\n<td width=\"160\">Peso<\/td>\n<td width=\"147\">46.6 KG<\/td>\n<\/tr>\n<\/tbody>\n<\/table>\n<h5 style=\"text-align: left;\"><strong>Equivalencia con:<\/strong><\/h5>\n<p style=\"text-align: left;\">LENZE <strong>m550-P112\/M4<\/strong> motor trif\u00e1sico AC m50-P In.n\u00ba- <strong>16636881<\/strong>.<\/p>\n<p>&nbsp;<\/p>\n<\/div>\n<p style=\"text-align: left;\">Consulta nuestras condiciones de venta en productos descatalogados y\/o custom como esta unidad de ventilaci\u00f3n EBM. Producto en stock, nuevo, sin usar. <a href=\"https:\/\/cogaprel.es\/shop\/reembolso_devoluciones\/\">CONDICIONES GENERALES.<\/a><\/p>\n<p style=\"text-align: left;\">Consulta nuestras marcas en<a href=\"https:\/\/www.cogaprel.com\/industria\/\"> www.cogaprel.com<\/a><\/p>\n<div>\n<p style=\"text-align: left;\">Con los motores trif\u00e1sicos m550 y m540, le ofrecemos una soluci\u00f3n de accionamiento con garant\u00eda de futuro para su m\u00e1quina. Adem\u00e1s, estos motores cumplen los requisitos legales de las regiones m\u00e1s importantes del mundo, como Estados Unidos, Europa y Asia.<\/p>\n<p style=\"text-align: left;\">Los motores trif\u00e1sicos IE2 m550-H cubren el rango de potencia 0.12&#8230;\u00a00.55\u00a0kW y son muy eficientes, de conformidad con IE2.<\/p>\n<p style=\"text-align: left;\">Los motores trif\u00e1sicos IE3 m550-P cubren el rango de potencia 0.75&#8230;.\u00a022\u00a0kW y son muy eficientes, de conformidad con IE3.<\/p>\n<p style=\"text-align: left;\">Los motores trif\u00e1sicos IE3 m540-P cubren el rango de potencia 30&#8230;\u00a055\u00a0kW y son muy eficientes, de conformidad con IE3.<\/p>\n<h5 style=\"text-align: left;\">Caracter\u00edsticas principales<\/h5>\n<ul>\n<li style=\"text-align: left;\">Clases de eficiencia energ\u00e9tica para un uso rentable y con garant\u00eda de futuro en muchas aplicaciones y pa\u00edses<\/li>\n<li style=\"text-align: left;\">Sistema modular escalable para una adaptaci\u00f3n \u00f3ptima a los requisitos de la m\u00e1quina<\/li>\n<li style=\"text-align: left;\">Conexi\u00f3n sencilla mediante caja de bornes o conectores convencionales del mercado para una r\u00e1pida puesta en marcha<\/li>\n<li style=\"text-align: left;\">Optimizado para el uso como motorreductores con los reductores g500 y para los convertidores de frecuencia i550<\/li>\n<\/ul>\n<\/div>\n","protected":false},"excerpt":{"rendered":"<p style=\"text-align: left;\"><strong>LENZE MHEMAIG112-22C1C 16213534<\/strong> Motor trif\u00e1sico LENZE GMBH 230\/400 Vac, 4,00KW, 1455rpm, IE2, B5 FF215 (A250), eje 28&#215;60 con chaveta. Encoder incremental IG128ppv con conector M12 4 polos. <a href=\"http:\/\/www.lenze.es\"><span style=\"text-align: center;\">www.lenze.es<\/span><\/a><\/p>\n<p style=\"text-align: left;\">Motor trif\u00e1sico OEM completamente nuevo y funcional. En stock para suministro inmediato.<\/p>\n<table style=\"font-weight: 400; height: 2300px;\" width=\"413\">\n<tbody>\n<tr>\n<td width=\"160\">Tipo de motor<\/td>\n<td width=\"147\">Motor trif\u00e1sico AC MH<\/td>\n<\/tr>\n<tr>\n<td width=\"160\">Motor<\/td>\n<td width=\"147\">MH 112-22<\/td>\n<\/tr>\n<tr>\n<td width=\"160\">Motor-Code<\/td>\n<td width=\"147\">MHEMAIG112-22C1C<\/td>\n<\/tr>\n<tr>\n<td width=\"160\">Potencia nominal<\/td>\n<td width=\"147\">4,000 kW<\/td>\n<\/tr>\n<tr>\n<td width=\"160\">Clase de eficiencia<\/td>\n<td width=\"147\">IE2<\/td>\n<\/tr>\n<tr>\n<td width=\"160\">Forma constructiva motor<\/td>\n<td width=\"147\">B5<\/td>\n<\/tr>\n<tr>\n<td width=\"160\">Brida<\/td>\n<td width=\"147\">FF215 (A250)<\/td>\n<\/tr>\n<tr>\n<td width=\"160\">Eje de motor dxl<\/td>\n<td width=\"147\">28&#215;60 con chaveta<\/td>\n<\/tr>\n<tr>\n<td width=\"160\">Velocidad nominal<\/td>\n<td width=\"147\">1.455 r\/min<\/td>\n<\/tr>\n<tr>\n<td width=\"160\">Par nominal<\/td>\n<td width=\"147\">26,30 Nm<\/td>\n<\/tr>\n<tr>\n<td width=\"160\">Tensi\u00f3n nominal<\/td>\n<td width=\"147\">230 \/ 400 V<\/td>\n<\/tr>\n<tr>\n<td width=\"160\">Intensidad nominal<\/td>\n<td width=\"147\">14.50 \/ 8.40 A<\/td>\n<\/tr>\n<tr>\n<td width=\"160\">Frecuencia nominal<\/td>\n<td width=\"147\">50 hz<\/td>\n<\/tr>\n<tr>\n<td width=\"160\">Factor de potencia<\/td>\n<td width=\"147\">0,80<\/td>\n<\/tr>\n<tr>\n<td width=\"160\">Modo de operaci\u00f3n<\/td>\n<td width=\"147\">S1<\/td>\n<\/tr>\n<tr>\n<td width=\"160\">Tipo de conexi\u00f3n<\/td>\n<td width=\"147\">Caja de bornes<\/td>\n<\/tr>\n<tr>\n<td width=\"160\">Clase de temperatura<\/td>\n<td width=\"147\">F<\/td>\n<\/tr>\n<tr>\n<td width=\"160\">Protecci\u00f3n motor<\/td>\n<td width=\"147\">TKO (Contacto t\u00e9rmico NC)<\/td>\n<\/tr>\n<tr>\n<td width=\"160\">Indice de protecci\u00f3n<\/td>\n<td width=\"147\">IP54<\/td>\n<\/tr>\n<tr>\n<td width=\"160\">Color<\/td>\n<td width=\"147\">RAL 7012 = Gr\u00eds basalto<\/td>\n<\/tr>\n<tr>\n<td width=\"160\">Acabado\/Protecci\u00f3n Corrosi\u00f3n<\/td>\n<td width=\"147\">OKS-S (Small; C1)<\/td>\n<\/tr>\n<tr>\n<td width=\"160\">Refrigeraci\u00f3n<\/td>\n<td width=\"147\">Ventilador propio<\/td>\n<\/tr>\n<tr>\n<td width=\"160\">Transductor<\/td>\n<td width=\"147\">Encoder increm IG128-24V-H<\/td>\n<\/tr>\n<tr>\n<td width=\"160\">Conexi\u00f3n el\u00e9c.-realimentaci\u00f3n<\/td>\n<td width=\"147\">Conector M12 4pol.<\/td>\n<\/tr>\n<tr>\n<td width=\"160\">Motorcode C86<\/td>\n<td width=\"147\">1535<\/td>\n<\/tr>\n<tr>\n<td width=\"160\">Momento de inercia<\/td>\n<td width=\"147\">135,000 kgcm2<\/td>\n<\/tr>\n<tr>\n<td width=\"160\">Pos. caja de bornes<\/td>\n<td width=\"147\">T [2]<\/td>\n<\/tr>\n<tr>\n<td width=\"160\"><\/td>\n<td width=\"147\"><\/td>\n<\/tr>\n<tr>\n<td width=\"160\">Peso<\/td>\n<td width=\"147\">46.6 KG<\/td>\n<\/tr>\n<\/tbody>\n<\/table>\n","protected":false},"featured_media":652,"comment_status":"open","ping_status":"closed","template":"","meta":[],"product_brand":[],"product_cat":[38,51,39],"product_tag":[68,75,74,69],"class_list":{"0":"post-649","1":"product","2":"type-product","3":"status-publish","4":"has-post-thumbnail","6":"product_cat-industria","7":"product_cat-lenze-gmbh","8":"product_cat-motores","9":"product_tag-lenze","10":"product_tag-lenze-gmbh","11":"product_tag-motor-ac","12":"product_tag-servo","14":"first","15":"instock","16":"taxable","17":"shipping-taxable","18":"purchasable","19":"product-type-simple"},"_links":{"self":[{"href":"https:\/\/cogaprel.es\/shop\/wp-json\/wp\/v2\/product\/649","targetHints":{"allow":["GET"]}}],"collection":[{"href":"https:\/\/cogaprel.es\/shop\/wp-json\/wp\/v2\/product"}],"about":[{"href":"https:\/\/cogaprel.es\/shop\/wp-json\/wp\/v2\/types\/product"}],"replies":[{"embeddable":true,"href":"https:\/\/cogaprel.es\/shop\/wp-json\/wp\/v2\/comments?post=649"}],"wp:featuredmedia":[{"embeddable":true,"href":"https:\/\/cogaprel.es\/shop\/wp-json\/wp\/v2\/media\/652"}],"wp:attachment":[{"href":"https:\/\/cogaprel.es\/shop\/wp-json\/wp\/v2\/media?parent=649"}],"wp:term":[{"taxonomy":"product_brand","embeddable":true,"href":"https:\/\/cogaprel.es\/shop\/wp-json\/wp\/v2\/product_brand?post=649"},{"taxonomy":"product_cat","embeddable":true,"href":"https:\/\/cogaprel.es\/shop\/wp-json\/wp\/v2\/product_cat?post=649"},{"taxonomy":"product_tag","embeddable":true,"href":"https:\/\/cogaprel.es\/shop\/wp-json\/wp\/v2\/product_tag?post=649"}],"curies":[{"name":"wp","href":"https:\/\/api.w.org\/{rel}","templated":true}]}}