{"id":643,"date":"2023-07-27T10:34:21","date_gmt":"2023-07-27T10:34:21","guid":{"rendered":"https:\/\/cogaprel.es\/shop\/?post_type=product&#038;p=643"},"modified":"2023-07-27T11:11:25","modified_gmt":"2023-07-27T11:11:25","slug":"w2s130-ab03-09-ebm-lenze-309353","status":"publish","type":"product","link":"https:\/\/cogaprel.es\/shop\/producto\/w2s130-ab03-09-ebm-lenze-309353\/","title":{"rendered":"w2s130-ab03-09 ebm lenze 309353"},"content":{"rendered":"<div>\n<p style=\"text-align: left;\"><strong>W2S130-AB03-09 EBM LENZE 309353<\/strong> 230 Vac 50Hz 40W. Ventilator axial marca EBM PAPST. <a href=\"http:\/\/www.ebmpapst.com\"><span style=\"text-align: center;\">www.ebmpapst.com<\/span><\/a><\/p>\n<p style=\"text-align: left;\">Ventilaci\u00f3n forzada de origen, OEM, para servos LENZE GMBH Id.n\u00ba 309353. Completamente nuevos y funcionales. En stock para suministro inmediato.<\/p>\n<p style=\"text-align: left;\"><strong>Ventilador 230Vac 22W 120x120x38mm FRICCI\u00d3N 2 terminales<\/strong><\/p>\n<ul style=\"text-align: left;\">\n<li style=\"text-align: left;\">Ventilador con carcasa de fundici\u00f3n pintada en negro.<\/li>\n<li style=\"text-align: left;\">Di\u00e1metro 150mm<\/li>\n<li style=\"text-align: left;\">Rodamiento de bolas<\/li>\n<li style=\"text-align: left;\">Funcionamiento en temperatura de -25\u00ba a 60\u00baC.<\/li>\n<li>Certificado CE.<\/li>\n<li>Velocidad 2760 rpm.<\/li>\n<li>Potencia 40W.<\/li>\n<li>Alimentaci\u00f3n monof\u00e1sica AC 230V.<\/li>\n<li>Salida a cable ETFE 2x terminales crimpados.<\/li>\n<li>IP54.<\/li>\n<li>Clase de aislamiento B.<\/li>\n<li>Protecci\u00f3n t\u00e9rmica interna (TOP).<\/li>\n<li>Rotaci\u00f3n antihoraria.<\/li>\n<\/ul>\n<p style=\"text-align: left;\"><strong>Equivalencia con:<\/strong><\/p>\n<p style=\"text-align: left;\">Para su instalaci\u00f3n en equipos de ventilaci\u00f3n forzada para motores tipo MDFKSRS LENZE GMBH. <strong>W2S130-AB03-09 EBM LENZE 309353.<\/strong><\/p>\n<p>&nbsp;<\/p>\n<\/div>\n<p>Consulta nuestras condiciones de venta en productos descatalogados y\/o custom como esta unidad de ventilaci\u00f3n EBM. Producto en stock, nuevo, sin usar. <a href=\"https:\/\/cogaprel.es\/shop\/reembolso_devoluciones\/\">CONDICIONES GENERALES.<\/a><\/p>\n<p>Consulta nuestras marcas en<a href=\"https:\/\/www.cogaprel.com\/industria\/\"> www.cogaprel.com<\/a><\/p>\n<h3 class=\"text-lg font-bold\" data-testid=\"descriptive-content-main-header\">\u00bfQu\u00e9 es un ventilador ac axial <strong>W2S130-AB03-09 EBM LENZE 309353<\/strong>?<\/h3>\n<p style=\"text-align: left;\"><span style=\"text-align: center;\">Un ventilador axial es un dispositivo que crea un flujo de aire con un motor que hace girar unas aspas alojadas dentro de un bastidor redondo o cuadrado. Las aspas giratorias del ventilador succionan aire hacia el dispositivo y lo expulsan en la misma direcci\u00f3n para aplicarlo sobre una superficie y refrigerarla. Los ventiladores axiales son un componente vital para garantizar un funcionamiento \u00f3ptimo de m\u00e1quinas y sistemas electr\u00f3nicos. Es fundamental refrigerar los equipos, ya que el recalentamiento puede dar lugar a problemas graves como el deterioro prematuro de los componentes, el acortamiento de la vida \u00fatil y, en ocasiones, fallos generales.<\/span><\/p>\n<h3 class=\"text-lg font-bold\" data-testid=\"descriptive-content-main-header\">Ventiladores de CA axial de tubo W2S130-AB03-09<\/h3>\n<div>\n<div class=\"sc-gxMtzJ ikHMDt\" style=\"text-align: left;\">La serie W2S130 de ventiladores axiales tubulares de ebm-papst proporciona una soluci\u00f3n pr\u00e1ctica y rentable para todas sus necesidades de refrigeraci\u00f3n. Los ventiladores de refrigeraci\u00f3n de equipos compactos de alto rendimiento se han dise\u00f1ado para generar altos vol\u00famenes de aire a baja presi\u00f3n. Los ventiladores de bajo nivel de ruido y bajo consumo se han fabricado con un bastidor de aluminio presofundido y un impulsor con un revestimiento de color negro. El motor con polos con protecci\u00f3n de impedancia est\u00e1 integrado en el cubo central del ventilador.<\/div>\n<\/div>\n<h3 class=\"text-lg font-bold\" data-testid=\"descriptive-content-main-header\">Caracter\u00edsticas y ventajas principales de los ventiladores<\/h3>\n<h3 class=\"text-lg font-bold\" data-testid=\"descriptive-content-main-header\"><strong>W2S130-AB03-09 EBM LENZE 309353<\/strong><\/h3>\n<div>\n<ul>\n<li class=\"sc-gxMtzJ ikHMDt\" style=\"text-align: left;\">Al tratarse de unos ventiladores con unas dimensiones compactas, es posible montarlos en equipos donde el espacio es limitado.<\/li>\n<li class=\"sc-gxMtzJ ikHMDt\" style=\"text-align: left;\"><span style=\"text-align: left;\">Estructura s\u00f3lida de aluminio, ideal para aplicaciones industriales. <\/span><\/li>\n<li class=\"sc-gxMtzJ ikHMDt\" style=\"text-align: left;\">Impulsor de chapa de acero con revestimiento negro, soldado directamente al rotor.<\/li>\n<li class=\"sc-gxMtzJ ikHMDt\" style=\"text-align: left;\">Las aspas del ventilador cuentan con un dise\u00f1o aerodin\u00e1mico desarrollado por especialistas que ofrece una gran eficacia y bajos niveles de ruido.<\/li>\n<li class=\"sc-gxMtzJ ikHMDt\" style=\"text-align: left;\">Motor con polos con protecci\u00f3n de impedancia para proteger los motores del ventilador contra recalentamiento e incendios si el rotor se bloquea.<\/li>\n<li class=\"sc-gxMtzJ ikHMDt\" style=\"text-align: left;\">Sistema de rodamientos de bolas sin mantenimiento que ofrece un gran rendimiento y una vida \u00fatil superior. Equilibrado en dos planos seg\u00fan la norma DIN ISO 1940.<\/li>\n<li class=\"sc-gxMtzJ ikHMDt\" style=\"text-align: left;\">Clase de protecci\u00f3n IP54 contra la entrada de polvo.<\/li>\n<\/ul>\n<\/div>\n","protected":false},"excerpt":{"rendered":"<p style=\"text-align: left;\"><strong>W2S130-AB03-09 EBM LENZE 309353 LENZE 309353<\/strong> 230 Vac 50Hz 40W. Ventilator axial marca EBM PAPST. <a href=\"http:\/\/www.ebmpapst.com\"><span style=\"text-align: center;\">www.ebmpapst.com<\/span><\/a><\/p>\n<p style=\"text-align: left;\">Ventilaci\u00f3n forzada de origen, OEM, para servos LENZE GMBH Id.n\u00ba 309353. Completamente nuevos y funcionales. En stock para suministro inmediato.<\/p>\n<p style=\"text-align: left;\"><strong>Ventilador 230Vac 22W 120x120x38mm FRICCI\u00d3N 2 terminales<\/strong><\/p>\n<ul style=\"text-align: left;\">\n<li style=\"text-align: left;\">Ventilador con carcasa de fundici\u00f3n pintada en negro.<\/li>\n<li style=\"text-align: left;\">Di\u00e1metro 150mm<\/li>\n<li style=\"text-align: left;\">Rodamiento de bolas<\/li>\n<li style=\"text-align: left;\">Funcionamiento en temperatura de -25\u00ba a 60\u00baC.<\/li>\n<li>Certificado CE.<\/li>\n<li>Velocidad 2760 rpm.<\/li>\n<li>Potencia 40W.<\/li>\n<li>Alimentaci\u00f3n monof\u00e1sica AC 230V.<\/li>\n<li>Salida a cable ETFE 2x terminales crimpados.<\/li>\n<li>IP54.<\/li>\n<li>Clase de aislamiento B.<\/li>\n<li>Protecci\u00f3n t\u00e9rmica interna (TOP).<\/li>\n<li>Rotaci\u00f3n antihoraria.<\/li>\n<\/ul>\n<p style=\"text-align: left;\"><strong>Equivalencia con:<\/strong><\/p>\n<p style=\"text-align: left;\">Para su instalaci\u00f3n en equipos de ventilaci\u00f3n forzada para motores tipo MDFKSRS LENZE GMBH.<\/p>\n","protected":false},"featured_media":645,"comment_status":"open","ping_status":"closed","template":"","meta":[],"product_brand":[],"product_cat":[38,51,39],"product_tag":[72,73,68],"class_list":{"0":"post-643","1":"product","2":"type-product","3":"status-publish","4":"has-post-thumbnail","6":"product_cat-industria","7":"product_cat-lenze-gmbh","8":"product_cat-motores","9":"product_tag-ebm","10":"product_tag-ebmpapst","11":"product_tag-lenze","13":"first","14":"instock","15":"taxable","16":"shipping-taxable","17":"purchasable","18":"product-type-simple"},"_links":{"self":[{"href":"https:\/\/cogaprel.es\/shop\/wp-json\/wp\/v2\/product\/643","targetHints":{"allow":["GET"]}}],"collection":[{"href":"https:\/\/cogaprel.es\/shop\/wp-json\/wp\/v2\/product"}],"about":[{"href":"https:\/\/cogaprel.es\/shop\/wp-json\/wp\/v2\/types\/product"}],"replies":[{"embeddable":true,"href":"https:\/\/cogaprel.es\/shop\/wp-json\/wp\/v2\/comments?post=643"}],"wp:featuredmedia":[{"embeddable":true,"href":"https:\/\/cogaprel.es\/shop\/wp-json\/wp\/v2\/media\/645"}],"wp:attachment":[{"href":"https:\/\/cogaprel.es\/shop\/wp-json\/wp\/v2\/media?parent=643"}],"wp:term":[{"taxonomy":"product_brand","embeddable":true,"href":"https:\/\/cogaprel.es\/shop\/wp-json\/wp\/v2\/product_brand?post=643"},{"taxonomy":"product_cat","embeddable":true,"href":"https:\/\/cogaprel.es\/shop\/wp-json\/wp\/v2\/product_cat?post=643"},{"taxonomy":"product_tag","embeddable":true,"href":"https:\/\/cogaprel.es\/shop\/wp-json\/wp\/v2\/product_tag?post=643"}],"curies":[{"name":"wp","href":"https:\/\/api.w.org\/{rel}","templated":true}]}}