{"id":615,"date":"2023-04-14T15:02:44","date_gmt":"2023-04-14T15:02:44","guid":{"rendered":"https:\/\/cogaprel.es\/shop\/?post_type=product&#038;p=615"},"modified":"2026-01-16T16:00:25","modified_gmt":"2026-01-16T16:00:25","slug":"luft-kla230ap120asth","status":"publish","type":"product","link":"https:\/\/cogaprel.es\/shop\/producto\/luft-kla230ap120asth\/","title":{"rendered":"luft kla230ap120asth"},"content":{"rendered":"<div>\n<p style=\"text-align: left;\"><strong>LUFT KLA230AP120ASTH<\/strong> 230 Vac 50Hz\/60Hz 22W\/19W. Ventilator marca LUFT. <a href=\"https:\/\/www.luft.es\">www.luftk.com<\/a><\/p>\n<p style=\"text-align: left;\"><strong>Ventilador 230Vac 22W 120x120x38mm FRICCI\u00d3N 2 terminales<\/strong><\/p>\n<ul style=\"text-align: left;\">\n<li style=\"text-align: left;\">Ventilador en carcasa de aluminio fundido a presi\u00f3n.<\/li>\n<li style=\"text-align: left;\">Tama\u00f1o 120 x 120 x 38 mm<\/li>\n<li style=\"text-align: left;\">Rodamiento de fricci\u00f3n<\/li>\n<li style=\"text-align: left;\">Funcionamiento en temperatura de -10\u00ba a 70\u00baC<\/li>\n<li style=\"text-align: left;\">Resistencia dielectrica 1500Vac<\/li>\n<li style=\"text-align: left;\">Resistencia de aislamiento 10M ohm a 500Vdc<\/li>\n<li style=\"text-align: left;\">Peso 500 gramos<\/li>\n<li>Voltaje 230Vac 50\/60Hz<\/li>\n<li>Corriente m\u00e1xima 135\/110mA<\/li>\n<li>Potencia m\u00e1xima 22\/19W<\/li>\n<li>Velocidad 2650\/3000 rpm<\/li>\n<li>Maximo Fujo de Aire 89\/100 CFM<\/li>\n<li>M\u00e1xima Presion de Aire 6,00\/7,60 mmH2O<\/li>\n<li>Ruido 46\/48 dB(A)<\/li>\n<li>Salida 2 terminales<\/li>\n<li>Rejilla ideal para este ventilador FG12<\/li>\n<\/ul>\n<p style=\"text-align: left;\"><strong>Equivalencia con:<\/strong><\/p>\n<p style=\"text-align: left;\">VEN057<\/p>\n<p style=\"text-align: left;\">71.030<\/p>\n<p style=\"text-align: left;\">DP200A2123XST.GN<\/p>\n<p>&nbsp;<\/p>\n<\/div>\n<p>Consulta nuestras condiciones de venta en productos descatalogados y\/o custom como esta unidad de ventilaci\u00f3n LUFT. Producto en stock, nuevo, sin usar. <a href=\"https:\/\/cogaprel.es\/shop\/reembolso_devoluciones\/\">CONDICIONES GENERALES.<\/a><\/p>\n<p>Consulta nuestras marcas en<a href=\"https:\/\/www.cogaprel.com\/industria\/\"> www.cogaprel.com<\/a><\/p>\n<p style=\"text-align: left;\"><strong class=\"bb strong_bb\">ELEVADA EXPERIENCIA<\/strong><br \/>\nLUFT\u00a0es un fabricante profesional de ventiladores axiales, tangenciales, blowers y turboventiladores. Desde 1976, nuestro departamento de I+D se han ocupado del desarrollo y mejora de nuevos productos seg\u00fan las necesidades del mercado.<\/p>\n<p><strong class=\"bb strong_bb\">TECNOLOG\u00cdA DE PRIMERA CLASE<\/strong><br \/>\nNuestras f\u00e1bricas est\u00e1n perfectamente equipadas con las \u00faltimas tecnolog\u00edas, tanto en los nuevos desarrollos, que en la fabricaci\u00f3n y en los controles de calidad. Con ello se consigue una producci\u00f3n eficiente y de gran calidad controlando los costes para disponer de precios siempre competitivos.<\/p>\n<p><strong class=\"bb strong_bb\">STAFF PROFESIONAL<\/strong><br \/>\nLa eficiencia y la formaci\u00f3n de nuestro staff permite la producci\u00f3n de productos excepcionales que nos consenten ser l\u00edderes en los diversos sectores de mercado.<\/p>\n<p><strong class=\"bb strong_bb\">M\u00c1XIMA CALIDAD<\/strong><br \/>\nTodos nuestros productos cumplen con las m\u00e1s estrictas normas internacionales satisfacendo los requisitos y las demandas del mercado.<\/p>\n<p><strong class=\"bb strong_bb\">EXPANSI\u00d3N<\/strong><br \/>\nEn el a\u00f1o 1999 LUFT ha decidido expandir su actividad en Asia a trav\u00e9s de una joint venture con\u00a0DACHS KONDEL INTERNATIONAL S.A.<\/p>\n","protected":false},"excerpt":{"rendered":"<p style=\"text-align: left;\"><strong>LUFT KLA230AP120ASTH 230 <\/strong>Vac 50Hz\/60Hz 22W\/19W. Ventilator marca LUFT.<strong><a href=\"https:\/\/www.luft.es\">www.luftk.com<\/a><\/strong><\/p>\n<p style=\"text-align: left;\">Ventilador 230Vac 22W 120x120x38mm FRICCI\u00d3N 2 terminales.<\/p>\n<ul style=\"text-align: left;\">\n<li style=\"text-align: left;\">Ventilador en carcasa de aluminio fundido a presi\u00f3n.<\/li>\n<li style=\"text-align: left;\">Tama\u00f1o 120 x 120 x 38 mm<\/li>\n<li style=\"text-align: left;\">Rodamiento de fricci\u00f3n<\/li>\n<li style=\"text-align: left;\">Funcionamiento en temperatura de -10\u00ba a 70\u00baC<\/li>\n<li style=\"text-align: left;\">Resistencia dielectrica 1500Vac<\/li>\n<li style=\"text-align: left;\">Resistencia de aislamiento 10M ohm a 500Vdc<\/li>\n<li style=\"text-align: left;\">Peso 500 gramos<\/li>\n<li>Voltaje 230Vac 50\/60Hz<\/li>\n<li>Corriente m\u00e1xima 135\/110mA<\/li>\n<li>Potencia m\u00e1xima 22\/19W<\/li>\n<li>Velocidad 2650\/3000 rpm<\/li>\n<li>Maximo Fujo de Aire 89\/100 CFM<\/li>\n<li>M\u00e1xima Presion de Aire 6,00\/7,60 mmH2O<\/li>\n<li>Ruido 46\/48 dB(A)<\/li>\n<li>Salida 2 terminales<\/li>\n<li>Rejilla ideal para este ventilador FG12<\/li>\n<\/ul>\n<p style=\"text-align: left;\"><strong>Equivalencia con:<\/strong><\/p>\n<p style=\"text-align: left;\">VEN057<\/p>\n<p style=\"text-align: left;\">71.030<\/p>\n<p style=\"text-align: left;\">DP200A2123XST.GN<\/p>\n","protected":false},"featured_media":617,"comment_status":"open","ping_status":"closed","template":"","meta":[],"product_brand":[],"product_cat":[38,63],"product_tag":[65,64],"class_list":{"0":"post-615","1":"product","2":"type-product","3":"status-publish","4":"has-post-thumbnail","6":"product_cat-industria","7":"product_cat-semikron-semiconductores","8":"product_tag-igbt","9":"product_tag-semikron","11":"first","12":"instock","13":"taxable","14":"shipping-taxable","15":"purchasable","16":"product-type-simple"},"_links":{"self":[{"href":"https:\/\/cogaprel.es\/shop\/wp-json\/wp\/v2\/product\/615","targetHints":{"allow":["GET"]}}],"collection":[{"href":"https:\/\/cogaprel.es\/shop\/wp-json\/wp\/v2\/product"}],"about":[{"href":"https:\/\/cogaprel.es\/shop\/wp-json\/wp\/v2\/types\/product"}],"replies":[{"embeddable":true,"href":"https:\/\/cogaprel.es\/shop\/wp-json\/wp\/v2\/comments?post=615"}],"wp:featuredmedia":[{"embeddable":true,"href":"https:\/\/cogaprel.es\/shop\/wp-json\/wp\/v2\/media\/617"}],"wp:attachment":[{"href":"https:\/\/cogaprel.es\/shop\/wp-json\/wp\/v2\/media?parent=615"}],"wp:term":[{"taxonomy":"product_brand","embeddable":true,"href":"https:\/\/cogaprel.es\/shop\/wp-json\/wp\/v2\/product_brand?post=615"},{"taxonomy":"product_cat","embeddable":true,"href":"https:\/\/cogaprel.es\/shop\/wp-json\/wp\/v2\/product_cat?post=615"},{"taxonomy":"product_tag","embeddable":true,"href":"https:\/\/cogaprel.es\/shop\/wp-json\/wp\/v2\/product_tag?post=615"}],"curies":[{"name":"wp","href":"https:\/\/api.w.org\/{rel}","templated":true}]}}