{"id":65,"date":"2022-04-26T08:04:40","date_gmt":"2022-04-26T08:04:40","guid":{"rendered":"http:\/\/cogaprel.es\/shop\/mi-cuenta\/"},"modified":"2024-03-20T12:27:38","modified_gmt":"2024-03-20T12:27:38","slug":"mi-cuenta-cogaprel","status":"publish","type":"page","link":"https:\/\/cogaprel.es\/shop\/mi-cuenta-cogaprel\/","title":{"rendered":"Mi cuenta"},"content":{"rendered":"<div  data-label=\"Overlappable\" data-id=\"overlappable--1\" data-export-id=\"overlappable-4-mc\" data-category=\"overlappable\" class=\"overlappable-4-mc content-section content-section-spacing\" data-overlap=\"true\" id=\"overlappable-1\" style=\"background-color: rgb(255, 255, 255);\"><div  class=\"gridContainer\"> <div  data-type=\"row\" class=\"row spaced-cols text-center\"><div  class=\"col-xs-12 col-sm-4 col-padding col-md-2 \"> <a data-cp-link=\"1\" href=\"https:\/\/cogaprel.es\/shop\/mi-cuenta\" target=\"_self\" rel=\"noopener\"><i  class=\"fa icon shadow-large-black aligncenter fa-dashboard reverse round small color1\"><\/i><\/a> <div  data-type=\"column\" class=\"\"> <h5  class=\"font-400\"><font  color=\"#6b7c93\"><span  style=\"caret-color: rgb(107, 124, 147);\">ESCRITORIO<\/span><\/font><\/h5> <\/div> <\/div> <div  class=\"col-xs-12 col-sm-4 col-padding col-md-2 \"> <a data-cp-link=\"1\" href=\"https:\/\/cogaprel.es\/shop\/mi-cuenta\/orders\" target=\"_self\" rel=\"noopener\"><i  class=\"fa icon shadow-large-black aligncenter fa-shopping-cart reverse round small color1\"><\/i><\/a> <div  data-type=\"column\" class=\"\"><h5  class=\"font-400\">PEDIDOS<span  id=\"_mce_caret\" data-mce-bogus=\"1\" data-mce-type=\"format-caret\"><span  style=\"color: rgb(107, 124, 147);\">\ufeff<\/span><\/span><\/h5> <\/div> <\/div> <div  class=\"col-xs-12 col-sm-4 col-padding col-md-2 \"> <a data-cp-link=\"1\" href=\"https:\/\/cogaprel.es\/shop\/mi-cuenta\/downloads\" target=\"_self\" rel=\"noopener\"><i  class=\"fa icon shadow-large-black aligncenter fa-download reverse round small color1\"><\/i><\/a> <div  data-type=\"column\" class=\"\"><h5  class=\"font-400\">DESCARGAS<span  id=\"_mce_caret\" data-mce-bogus=\"1\" data-mce-type=\"format-caret\"><span  style=\"color: rgb(107, 124, 147);\">\ufeff<\/span><\/span><\/h5> <\/div> <\/div><div  class=\"col-xs-12 col-sm-4 col-padding col-md-2 \"> <a data-cp-link=\"1\" href=\"https:\/\/cogaprel.es\/shop\/mi-cuenta\/edit-address\" target=\"_self\" rel=\"noopener\"><i  class=\"fa icon shadow-large-black aligncenter fa-at reverse round small color1\"><\/i><\/a> <div  data-type=\"column\" class=\"\"> <h5  class=\"font-400\"><span  style=\"color: rgb(107, 124, 147);\">DIRECCION<\/span><\/h5> <\/div> <\/div><div  class=\"col-xs-12 col-sm-4 col-padding col-md-2 \"> <a data-cp-link=\"1\" href=\"https:\/\/cogaprel.es\/shop\/mi-cuenta\/edit-account\" target=\"_self\" rel=\"noopener\"><i  class=\"fa icon shadow-large-black aligncenter fa-desktop reverse round small color1\"><\/i><\/a> <div  data-type=\"column\" class=\"\"> <h5  class=\"font-400\"><font  color=\"#6b7c93\"><span  style=\"caret-color: rgb(107, 124, 147);\">DETALLES<\/span><\/font><\/h5> <\/div> <\/div><div  class=\"col-xs-12 col-sm-4 col-padding col-md-2 \"> <a data-cp-link=\"1\" href=\"https:\/\/cogaprel.es\/shop\/mi-cuenta\/customer-logout\" target=\"_self\" rel=\"noopener\"><i  class=\"fa icon shadow-large-black aligncenter fa-sign-out reverse round small color5\"><\/i><\/a> <div  data-type=\"column\" class=\"\"> <h5  class=\"font-400\"><span  style=\"color: rgb(107, 124, 147);\">SALIR<\/span><\/h5> <\/div> <\/div><\/div> <\/div><\/div><div  data-label=\"Content\" data-id=\"content--1\" data-export-id=\"content-12\" data-category=\"content\" class=\"content-12 content-section content-section-spacing content-relative\" id=\"content-1\" style=\"background-color: rgb(255, 255, 255); background-image: none;\"><div  class=\"\"> <div  class=\"row text-center\"><div  class=\"section-title-col\" data-type=\"column\">  <\/div> <\/div> <div  class=\"row center-xs middle-xs\"> <div  class=\"col-sm-9\" data-type=\"column\"><div  data-editable=\"true\" data-name=\"ope-custom-content-shortcode\" data-content-shortcode=\"woocommerce_my_account\" class=\"\"><div class=\"woocommerce\"><\/div><\/div> <\/div> <\/div><\/div> <\/div><div  data-label=\"Content\" data-id=\"content--2\" data-export-id=\"content-7-mc\" data-category=\"content\" class=\"content-7-mc content-section content-section-spacing\" id=\"content-2\" style=\"background-color: rgb(255, 255, 255); background-image: none;\"><div  class=\"gridContainer\"> <div  class=\"row middle-sm\"><div  class=\"col-sm-6 space-bottom-xs\" data-type=\"column\"> <h2  class=\"\"><span  style=\"color: rgb(107, 124, 147);\">Gesti\u00f3n de Usuario.<\/span><\/h2> <p  class=\"\" style=\"text-align: justify;\">Interfaz de gesti\u00f3n de usuario de la tienda online de COGAPREL, S.L. Desde aqu\u00ed podr\u00e1s gestionar tus datos, tus pedidos y tus entregas para una mayor eficacia y rapidez en el suministro de tus compras. &nbsp;<br >En caso de cualquier duda utiliza el siguiente enlace para realizar una consulta por email, o utiliza el messenger disponible en tiempo real.<\/p> <a class=\"button color1\" href=\"mailto:shop@cogaprel.com\" target=\"_self\" data-cp-link=\"1\" data-icon=\"\" rel=\"noopener\">Contacta con nosotros<\/a><\/div> <div  class=\"col-sm-6\" data-type=\"column\"> <img  decoding=\"async\" class=\"shadow-large\" src=\"https:\/\/cogaprel.es\/shop\/wp-content\/uploads\/2022\/09\/cropped-i550-muro.png\" title=\"cropped-i550-muro.png\" alt=\"lenze i550 convertidores\"><\/div> <\/div><\/div> <\/div>","protected":false},"excerpt":{"rendered":"<p>ESCRITORIO PEDIDOS\ufeff DESCARGAS\ufeff DIRECCION DETALLES SALIR Gesti\u00f3n de Usuario. Interfaz de gesti\u00f3n de usuario de la tienda online de COGAPREL, S.L. Desde aqu\u00ed podr\u00e1s gestionar tus datos, tus pedidos y tus entregas para una mayor eficacia y rapidez en el suministro de tus compras. &nbsp;En caso de cualquier duda utiliza el siguiente enlace para realizar&hellip; <br \/> <a class=\"read-more\" href=\"https:\/\/cogaprel.es\/shop\/mi-cuenta-cogaprel\/\">Read more<\/a><\/p>\n","protected":false},"author":1,"featured_media":366,"parent":0,"menu_order":0,"comment_status":"closed","ping_status":"closed","template":"pro\/page-templates\/full-width-page.php","meta":{"footnotes":""},"class_list":["post-65","page","type-page","status-publish","has-post-thumbnail","hentry"],"_links":{"self":[{"href":"https:\/\/cogaprel.es\/shop\/wp-json\/wp\/v2\/pages\/65","targetHints":{"allow":["GET"]}}],"collection":[{"href":"https:\/\/cogaprel.es\/shop\/wp-json\/wp\/v2\/pages"}],"about":[{"href":"https:\/\/cogaprel.es\/shop\/wp-json\/wp\/v2\/types\/page"}],"author":[{"embeddable":true,"href":"https:\/\/cogaprel.es\/shop\/wp-json\/wp\/v2\/users\/1"}],"replies":[{"embeddable":true,"href":"https:\/\/cogaprel.es\/shop\/wp-json\/wp\/v2\/comments?post=65"}],"version-history":[{"count":0,"href":"https:\/\/cogaprel.es\/shop\/wp-json\/wp\/v2\/pages\/65\/revisions"}],"wp:featuredmedia":[{"embeddable":true,"href":"https:\/\/cogaprel.es\/shop\/wp-json\/wp\/v2\/media\/366"}],"wp:attachment":[{"href":"https:\/\/cogaprel.es\/shop\/wp-json\/wp\/v2\/media?parent=65"}],"curies":[{"name":"wp","href":"https:\/\/api.w.org\/{rel}","templated":true}]}}