{"id":46,"date":"2022-04-26T07:55:46","date_gmt":"2022-04-26T07:55:46","guid":{"rendered":"http:\/\/cogaprel.es\/shop\/?page_id=46"},"modified":"2023-04-11T08:30:13","modified_gmt":"2023-04-11T08:30:13","slug":"empresa","status":"publish","type":"page","link":"https:\/\/cogaprel.es\/shop\/empresa\/","title":{"rendered":"Empresa"},"content":{"rendered":"<div  data-label=\"About\" data-id=\"about--1\" data-export-id=\"about-7\" data-category=\"about\" class=\"about-7 content-section content-section-spacing\" id=\"about-1\" style=\"background-color: rgb(255, 255, 255);\"><div  class=\"gridContainer\"> <div  class=\"row middle-sm text-center\"><div  class=\"col-sm-6 space-bottom-xs\" data-type=\"column\"> <h5  class=\"\">COGAPREL, S.L.<\/h5> <h2  class=\"\">Llevamos mas de &nbsp;<br > <span  style=\"font-family: Playfair Display,sans-serif; font-weight: 700; font-style: italic;\" href=\"#\">30 a\u00f1os<\/span>&nbsp;de servicio<\/h2> <p  class=\"\" style=\"text-align: justify;\">COGAPREL, S.L., nace a principios de los 80 y centra su actividad en la distribuci\u00f3n de automatismos industriales, y de material el\u00e9ctrico, a empresas del sector. Centr\u00e1ndonos en dar un excelente soporte t\u00e9cnico y apoyo en las labores de ingenier\u00eda a sus clientes.\n<br >Clientes como FINSA, PULL&amp;BEAR, GRAFOPLAS, PLACASA, ALCOA, COREN, ALUMINIOS CORTIZO, INDITEX, AUDASA, OYSHO, ALONARTI, DOM IBERIA, FERROVIAL, BOSCH, etc. avalan nuestro desempe\u00f1o.<\/p> <a class=\"button color1\" href=\"https:\/\/www.cogaprel.com\/empresa\" target=\"_self\" data-cp-link=\"1\" data-icon=\"\" rel=\"noopener\">CONOCENOS<\/a><\/div> <div  class=\"col-sm-6 col-relative space-bottom-xs\"><div  class=\"row spaced-cols\"> <div  class=\"col-xs-6 flexbox middle-xs center-xs\"> <img decoding=\"async\"  class=\"shadow-large\" data-size=\"300x300\" src=\"https:\/\/cogaprel.es\/shop\/wp-content\/uploads\/2022\/04\/cropped-lenze_07.png\" title=\"cropped-lenze_07.png\" alt=\"\"><\/div> <div  class=\"col-xs-6 flexbox middle-xs center-xs\"> <img decoding=\"async\"  class=\"shadow-large\" data-size=\"300x300\" src=\"https:\/\/cogaprel.es\/shop\/wp-content\/uploads\/2022\/04\/cropped-Graypants-wick-black-new-wicks.jpg\" title=\"cropped-Graypants-wick-black-new-wicks.jpg\" alt=\"\"><\/div> <div  class=\"col-xs-6 flexbox middle-xs center-xs\"> <img decoding=\"async\"  class=\"shadow-large\" data-size=\"300x300\" src=\"https:\/\/cogaprel.es\/shop\/wp-content\/uploads\/2022\/04\/cropped-Graypants-Product-series-Chrona-4.jpg\" title=\"cropped-Graypants-Product-series-Chrona-4.jpg\" alt=\"\"><\/div> <div  class=\"col-xs-6 flexbox middle-xs center-xs\"> <img decoding=\"async\"  class=\"shadow-large\" data-size=\"300x300\" src=\"https:\/\/cogaprel.es\/shop\/wp-content\/uploads\/2022\/04\/cropped-lenze_formacion_01.png\" title=\"cropped-lenze_formacion_01.png\" alt=\"\"><\/div> <\/div> <div  class=\"center-overlay inner-shadow border-large\"><\/div><\/div> <\/div><\/div> <\/div><div  data-label=\"Content\" data-id=\"content--4\" data-export-id=\"content-14\" data-category=\"content\" data-section-ov=\"1\" class=\"content-14 content-section content-section-spacing lightbox-video inverted white-text\" data-parallax-depth=\"20\" id=\"content-4\" style=\"background-color: rgb(245, 250, 253); background-image: url(&quot;https:\/\/cogaprel.es\/shop\/wp-content\/uploads\/2022\/04\/sattler-Porsche.jpg&quot;); background-size: cover; background-position: center top;\"><div  class=\"gridContainer\"> <div  class=\"row center-xs middle-xs\"><div  class=\"col-xs middle-xs center-xs\"> <a data-fancybox=\"\" data-video-lightbox=\"true\" href=\"https:\/\/www.youtube.com\/watch?v=Kbcl8ilsidE&amp;t=4s\" target=\"_self\" rel=\"noopener\" class=\"\"> <i  class=\"fa video-icon fa-play-circle-o color-white\" data-cp-fa=\"true\"><\/i><\/a> <p  class=\"h2 space-top\">Con\u00f3zcanos! <span  style=\"font-weight: 400;\">s\u00f3lo necesita 2 minutos.<\/span><\/p><\/div> <\/div><\/div> <\/div><div  data-label=\"Overlappable\" data-id=\"overlappable--1\" data-export-id=\"overlappable-3\" data-category=\"overlappable\" class=\"overlappable-3 content-section content-section-spacing\" data-overlap=\"true\" id=\"overlappable-1\" style=\"background-color: rgb(255, 255, 255);\"><div  class=\"gridContainer\"> <div  class=\"row bg-color-white shadow-medium\"><div  class=\"col-xs-12 col-sm-6 image-col first-image-col\" data-bg=\"image\" style=\"background-image: url(&quot;https:\/\/cogaprel.es\/shop\/wp-content\/uploads\/2022\/04\/cropped-lenze_07-copia.png&quot;);\"><\/div> <div  class=\"col-xs-12 col-sm-6 content-col col-padding col-padding-xs\"> <div  class=\"col-padding\" data-type=\"column\"> <h4  class=\"\"><span  style=\"color: rgb(107, 124, 147);\">TECNOLOGIA<\/span><\/h4> <p  class=\"\" style=\"text-align: justify;\">Fundada sobre un principio b\u00e1sico en el sector de la automatizaci\u00f3n, consistente en la comercializacion de marcas punteras con un respaldo tecnol\u00f3gico probado. Es por ello que la empresa distribuye aquellas marcas con las que comenz\u00f3 hace mas de treinta a\u00f1os como son LENZE GMBH, VOGEL, CARLO GAVAZZI, INTORQ.<\/p> <a class=\"button color2\" href=\"https:\/\/cogaprel.es\/shop\/tienda\" target=\"_self\" data-cp-link=\"1\" data-icon=\"\" rel=\"noopener\">ecommerce<\/a><\/div> <\/div><\/div> <div  class=\"row bg-color-white shadow-medium\"><div  class=\"col-xs-12 col-sm-6 content-col col-padding col-padding-xs\"> <div  class=\"col-padding\" data-type=\"column\"><h4  class=\"\"><span  style=\"color: rgb(107, 124, 147);\">SERVICIO<\/span><\/h4> <p  class=\"\" style=\"text-align: justify;\">Como apoyo a la labor de ingenier\u00eda y oficina t\u00e9cnica COGAPREL,S.L. imparte adem\u00e1s cursos de formaci\u00f3n sobre los sistemas basados en las marcas que distribuye para mejorar el conocimiento y soporte t\u00e9cnico.<br >\nNos especializamos para dar al cliente el mejor servicio posible. El mundo evoluciona muy r\u00e1pidamente por lo que especializarse es esencial.<\/p> <a class=\"button color2\" href=\"https:\/\/www.cogaprel.com\/contacto\" target=\"_self\" data-cp-link=\"1\" data-icon=\"\" rel=\"noopener\">Inf\u00f3rmese<\/a><\/div> <\/div> <div  class=\"col-xs-12 col-sm-6 image-col second-image-col first-xs last-sm\" data-bg=\"image\" style=\"background-image: url(&quot;https:\/\/cogaprel.es\/shop\/wp-content\/uploads\/2022\/04\/cropped-lenze_formacion_04.png&quot;);\"><\/div> <\/div><\/div> <\/div><div  data-label=\"Content\" data-id=\"content--1\" data-export-id=\"content-19\" data-category=\"content\" class=\"content-19 content-section content-section-spacing white-text\" id=\"content-1\"><div  class=\"gridContainer\"> <div  class=\"row\"><div  data-type=\"column\" class=\"col-sm-6 content-col text-center content-section-spacing shadow\"> <a data-cp-link=\"1\" href=\"#\" class=\"\" target=\"_self\" rel=\"noopener\"><i  class=\"fa icon fa-stethoscope big color1\"><\/i><\/a> <h2  class=\"font-300\"><font  color=\"#6b7c93\"><span  style=\"caret-color: rgb(107, 124, 147);\">SOPORTE<\/span><\/font><\/h2>  <p  class=\"\" style=\"text-align: justify;\">El paso de los a\u00f1os y la evoluci\u00f3n del sector tecnol\u00f3gico, de los automatismos en particular, ha hecho que COGAPREL, S.L. extiendiera, a principios de los 90, su \u00e1rea de actividad a la automatizaci\u00f3n de viviendas (domotica) y edificios (inmotica), ya que su gran experiencia a nivel industrial le han permitido dar r\u00e1pida respuesta a las nuevas necesidades de los clientes.<\/p> <\/div> <div  class=\"col-sm-5 flexbox-strech center-xs middle-xs no-gutter-col\"><div  class=\"flexbox middle-xs center-xs right-img\" data-bg=\"image\" style=\"background-image: url(&quot;https:\/\/cogaprel.es\/shop\/wp-content\/uploads\/2022\/04\/cropped-sattler_01.jpg&quot;);\"><\/div><\/div> <\/div><\/div> <\/div><div  data-label=\"Content\" data-id=\"content--2\" data-export-id=\"content-19-2\" data-category=\"content\" class=\"content-19-2 content-section content-section-spacing white-text\" id=\"content-2\" style=\"background-image: none; background-color: rgb(38, 45, 63);\"><div  class=\"gridContainer\"> <div  class=\"row\"><div  class=\"col-sm-5 flexbox-strech center-xs middle-xs no-gutter-col\"> <div  class=\"flexbox middle-xs center-xs right-img\" data-bg=\"image\" style=\"background-image: url(&quot;https:\/\/cogaprel.es\/shop\/wp-content\/uploads\/2022\/04\/cropped-schmitz-strada.jpg&quot;);\"><\/div><\/div> <div  data-type=\"column\" class=\"col-sm-6 content-col text-center content-section-spacing space-bottom-xs shadow\"><i  class=\"fa icon fa-circle-thin big color1\"><\/i> <h2  class=\"font-300\"><span  style=\"color: rgb(107, 124, 147);\">EFICIENCIA<\/span><\/h2>  <p  class=\"\" style=\"text-align: justify;\">Con el nacimiento del \u201cahorro energ\u00e9tico\u201d, combinado con la necesidad de ajustarse a los requerimientos de las pol\u00edticas medioambientales y el aumento de la demanda de confort y seguridad han impulsado el nacimiento del termino \u201cAutomatizaci\u00f3n de Edificios\u201d que implica una reducci\u00f3n de costes al utilizar un \u00fanico bus de comunicaciones para toda la instalaci\u00f3n.<\/p> <\/div> <\/div><\/div> <\/div><div  data-label=\"Content\" data-id=\"content--3\" data-export-id=\"content-13\" data-category=\"content\" class=\"content-13 content-section content-section-spacing\" id=\"content-3\" style=\"background-color: rgb(255, 255, 255);\"><div  class=\"gridContainer\"> <div  class=\"row text-center\"><div  class=\"section-title-col\" data-type=\"column\"> <h2  class=\"\"><span  style=\"color: rgb(107, 124, 147);\">El futuro en el presente.<\/span><\/h2> <p  class=\"lead\" style=\"text-align: justify;\"><span  style=\"color: rgb(107, 124, 147);\">En el caso de edificos es posible integrar en un entorno estable y bajo un \u00fanico sistema el control de accesos, el control de iluminaci\u00f3n, control de barreras m\u00f3viles, acceso a Internet, supervisi\u00f3n descentralizada de instalaciones, gesti\u00f3n de instalaciones comunes, control de riego autom\u00e1tico, gesti\u00f3n remota de instalaciones, etc. Una de nuestras prioridades ha sido cuidar al m\u00e1ximo la calidad de los productos con los que trabajamos as\u00ed como la atenci\u00f3n al cliente, asesorando t\u00e9cnicamente y ofreciendo informaci\u00f3n clara e inteligible en todo momento, lo que ha permitido crecer paulatinamente a la empresa.<\/span><br ><span  style=\"color: rgb(107, 124, 147);\">Pese a ser una empresa gallega COGAPREL, S.L. ha sido capaz de realizar diferentes proyectos a nivel mundial, pudiendo dar una r\u00e1pida respuesta en cualquier circunstancia a nuestros clientes.<\/span><\/p><\/div> <\/div> <div  class=\"row center-xs middle-xs\"> <div  class=\"col-xs col-sm-8 space-bottom image-group-bottom-3\"> <img decoding=\"async\"  class=\"left-img shadow-large-black\" src=\"https:\/\/cogaprel.es\/shop\/wp-content\/uploads\/2022\/04\/cropped-Graypants-Product-Murmurations-Installations-03.jpg\" title=\"cropped-Graypants-Product-Murmurations-Installations-03.jpg\" alt=\"\"> <img decoding=\"async\"  class=\"center-img shadow-large-black\" src=\"https:\/\/cogaprel.es\/shop\/wp-content\/uploads\/2022\/04\/cropped-sattler-Porsche.jpg\" title=\"cropped-sattler-Porsche.jpg\" alt=\"\"> <img decoding=\"async\"  class=\"right-img shadow-large-black\" src=\"https:\/\/cogaprel.es\/shop\/wp-content\/uploads\/2022\/04\/cropped-graypants_GP-Dash-4x8-Blond-close-up-angle.jpg\" title=\"cropped-graypants_GP-Dash-4x8-Blond-close-up-angle.jpg\" alt=\"\"><\/div> <\/div><\/div> <\/div>","protected":false},"excerpt":{"rendered":"<p>COGAPREL, S.L. Llevamos mas de &nbsp; 30 a\u00f1os&nbsp;de servicio COGAPREL, S.L., nace a principios de los 80 y centra su actividad en la distribuci\u00f3n de automatismos industriales, y de material el\u00e9ctrico, a empresas del sector. Centr\u00e1ndonos en dar un excelente soporte t\u00e9cnico y apoyo en las labores de ingenier\u00eda a sus clientes. Clientes como FINSA,&hellip; <br \/> <a class=\"read-more\" href=\"https:\/\/cogaprel.es\/shop\/empresa\/\">Read more<\/a><\/p>\n","protected":false},"author":1,"featured_media":0,"parent":0,"menu_order":0,"comment_status":"closed","ping_status":"closed","template":"pro\/page-templates\/full-width-page.php","meta":{"footnotes":""},"class_list":["post-46","page","type-page","status-publish","hentry"],"_links":{"self":[{"href":"https:\/\/cogaprel.es\/shop\/wp-json\/wp\/v2\/pages\/46","targetHints":{"allow":["GET"]}}],"collection":[{"href":"https:\/\/cogaprel.es\/shop\/wp-json\/wp\/v2\/pages"}],"about":[{"href":"https:\/\/cogaprel.es\/shop\/wp-json\/wp\/v2\/types\/page"}],"author":[{"embeddable":true,"href":"https:\/\/cogaprel.es\/shop\/wp-json\/wp\/v2\/users\/1"}],"replies":[{"embeddable":true,"href":"https:\/\/cogaprel.es\/shop\/wp-json\/wp\/v2\/comments?post=46"}],"version-history":[{"count":0,"href":"https:\/\/cogaprel.es\/shop\/wp-json\/wp\/v2\/pages\/46\/revisions"}],"wp:attachment":[{"href":"https:\/\/cogaprel.es\/shop\/wp-json\/wp\/v2\/media?parent=46"}],"curies":[{"name":"wp","href":"https:\/\/api.w.org\/{rel}","templated":true}]}}