{"id":167,"date":"2022-04-26T14:10:34","date_gmt":"2022-04-26T14:10:34","guid":{"rendered":"http:\/\/cogaprel.es\/shop\/?page_id=167"},"modified":"2023-04-11T08:57:13","modified_gmt":"2023-04-11T08:57:13","slug":"nota-legal-cogaprel","status":"publish","type":"page","link":"https:\/\/cogaprel.es\/shop\/nota-legal-cogaprel\/","title":{"rendered":"Nota Legal"},"content":{"rendered":"<div  data-label=\"Content\" data-id=\"content--1\" data-export-id=\"content-13\" data-category=\"content\" class=\"content-13 content-section content-section-spacing\" id=\"content-1\" style=\"background-color: rgb(255, 255, 255);\"><div  class=\"gridContainer\"> <div  class=\"row text-center\"><div  class=\"section-title-col\" data-type=\"column\"> <h2  class=\"\"><span  style=\"color: rgb(107, 124, 147);\">Notal Legal<br ><span style=\"font-weight: 600;\" >COGAPREL<\/span> informa sobre el uso de su web\r\n<\/span><\/h2> <p  class=\"lead\" style=\"text-align: justify;\"><span  style=\"color: rgb(107, 124, 147);\">La web de <a data-mce-href=\"https:\/\/www.cogaprel.com\/empresa\/\" href=\"https:\/\/www.cogaprel.com\/empresa\/\" target=\"_self\" data-mce-selected=\"inline-boundary\" data-cp-link=\"1\" rel=\"noopener\">COGAPREL, S.L.<\/a> tiene como fin facilitar el conocimiento de la empresa, las actividades que realiza y los servicios que presta. <a data-mce-href=\"https:\/\/www.cogaprel.com\/empresa\/\" href=\"https:\/\/www.cogaprel.com\/empresa\/\" target=\"_self\" data-mce-selected=\"inline-boundary\" data-cp-link=\"1\" rel=\"noopener\">COGAPREL, S.L.<\/a> se reserva la facultad de efectuar, en cualquier momento y sin previo aviso, modificaciones de la informaci\u00f3n contenida en su web.<\/span><br ><span  style=\"color: rgb(107, 124, 147);\"><a data-mce-href=\"https:\/\/www.cogaprel.com\/contacto\/\" href=\"https:\/\/www.cogaprel.com\/contacto\/\" target=\"_self\" data-mce-selected=\"inline-boundary\" data-cp-link=\"1\" rel=\"noopener\">\r\nCOGAPREL, S.L.<\/a> no se responsabiliza de las consecuencias, da\u00f1os o perjuicios que se deriven del acceso a su web, del uso que se haga de la informaci\u00f3n que contiene o del acceso a otras materias en Internet que se haga a trav\u00e9s de sus enlaces.<\/span><br ><span  style=\"color: rgb(107, 124, 147); font-weight: 400;\"><span style=\"font-weight: 600;\" >Nota legal:<\/span> Responsabilidad de los contenidos de la web.<\/span><br ><span  style=\"color: rgb(107, 124, 147);\">\r\nCOGAPREL, S.L. rechaza la responsabilidad que se derive de la mala utilizaci\u00f3n de los contenidos y se reserva el derecho a actualizarlos cuando quiera, a eliminarlos, limitarlos o impedir el acceso a ellos, de manera temporal o definitiva. <a data-mce-href=\"https:\/\/www.cogaprel.es\" href=\"https:\/\/www.cogaprel.es\" target=\"_self\" data-mce-selected=\"inline-boundary\" data-cp-link=\"1\" rel=\"noopener\">COGAPREL, S.L.<\/a> rechaza la responsabilidad sobre cualquier informaci\u00f3n no contenida en estas p\u00e1ginas web y, por tanto, no elaborada por <a data-mce-href=\"https:\/\/www.cogaprel.com\" href=\"https:\/\/www.cogaprel.com\" target=\"_blank\" data-mce-selected=\"inline-boundary\" rel=\"noopener\" data-cp-link=\"1\">COGAPREL, S.L.<\/a> o no publicada con su nombre.<\/span><br ><span  style=\"color: rgb(107, 124, 147);\">\r\nConfidencialidad de los datos.<\/span><br ><span  style=\"color: rgb(107, 124, 147);\">\r\nEl presente aviso legal establece las condiciones de uso del sitio Web \u201dwww.cogaprel.com\u201d (en adelante \u201cWeb\u201d), que <a data-mce-href=\"https:\/\/www.cogaprel.com\/\" href=\"https:\/\/www.cogaprel.com\/\" target=\"_self\" data-mce-selected=\"inline-boundary\" data-cp-link=\"1\" rel=\"noopener\">COGAPREL S.L.<\/a>, con domicilio social en Rua Cerqueiro, n\u00ba 3, Bajo. 36212, Vigo, Pontevedra con Sociedad inscrita en el Registro Mercantil de Pontevedra, L.615, F.120, H.8.477, pone a disposici\u00f3n de las personas usuarias. Conforme a lo previsto en la Ley Org\u00e1nica 15\/1999 de Protecci\u00f3n de Datos de Car\u00e1cter Personal, se informa de que los datos personales suministrados a trav\u00e9s de la web, formar\u00e1n parte de un fichero (automatizado o no) responsabilidad de la empresa, para que puedan ser utilizados con una finalidad comercial, operativa y de actividades propias del objeto social de la empresa. La empresa conservar\u00e1 sus datos, una vez finalizada toda la relaci\u00f3n con la persona usuaria, para cumplir las obligaciones legales y de comunicaci\u00f3n a los organismos p\u00fablicos, que amparados en la Ley correspondiente los soliciten.<\/span><br ><span  style=\"color: rgb(107, 124, 147);\"><span style=\"font-weight: 400;\" >\r\nLos datos solicitados son necesarios<\/span>, en caso de negarse a comunicar los datos ser\u00e1 imposible informarle sobre su solicitud. La empresa proceder\u00e1 a la cancelaci\u00f3n de los datos recogidos cuando dejen de ser necesarios o pertinentes para la finalidad para la que hubiesen sido recabados o registrados. En el caso de que los datos recogidos se utilizasen para una finalidad distinta para la cual hubiesen sido recabados o recogidos se requerir\u00e1 el consentimiento previo de los interesados.<\/span><br ><span  style=\"color: rgb(107, 124, 147);\">\r\nLa empresa <a data-mce-href=\"https:\/\/www.cogaprel.com\/contacto\/\" href=\"https:\/\/www.cogaprel.com\/contacto\/\" target=\"_self\" data-mce-selected=\"inline-boundary\" data-cp-link=\"1\" rel=\"noopener\">COGAPREL, S.L.<\/a> ha adoptado las medidas t\u00e9cnicas y organizativas necesarias para garantizar la seguridad e integridad de los datos, as\u00ed como para evitar su alteraci\u00f3n, perdida, tratamiento o acceso no autorizado Las personas usuarias cuyos datos sean objeto de tratamiento, podr\u00e1n ejercitar gratuitamente los derechos de oposici\u00f3n, acceso e informaci\u00f3n, rectificaci\u00f3n o cancelaci\u00f3n de los mismos, as\u00ed como la revocaci\u00f3n de su autorizaci\u00f3n sin efectos retroactivos en los t\u00e9rminos especificados en la Ley Org\u00e1nica 15\/1999, de Protecci\u00f3n de Datos de Car\u00e1cter Personal, conforme al procedimiento legalmente establecido. Estos derechos podr\u00e1n ser ejercitados dirigiendo un escrito a la siguiente direcci\u00f3n electr\u00f3nica: lopd@cogaprel.com.<\/span><br ><span  style=\"color: rgb(107, 124, 147);\">\r\nEl acceso al sitio Web atribuye la condici\u00f3n de persona usuaria e implica la aceptaci\u00f3n plena y sin reservas por parte de la persona usuaria, de todas y cada una de las condiciones incluidas en este Aviso legal.<\/span><br ><span  style=\"color: rgb(107, 124, 147);\">\r\nTodos los derechos de propiedad intelectual del dominio Web, as\u00ed como de sus contenidos, pertenecen, bien a la empresa, bien a terceras personas, por lo que ninguna persona Usuaria est\u00e1 autorizado a hacer uso de ellos, ni imprimirlos ni almacenarlos bajo ning\u00fan soporte f\u00edsico en ning\u00fan caso, salvo que sea para su utilizaci\u00f3n personal y privada. Quedando pues prohibida la modificaci\u00f3n, descompilaci\u00f3n o la utilizaci\u00f3n comercial de cualquier parte de la misma.<\/span><br ><span  style=\"color: rgb(107, 124, 147);\">\r\nTan s\u00f3lo se autoriza el uso de la utilizaci\u00f3n de los contenidos del dominio Web con fines informativos y de servicio, siempre que se cite o se haga referencia a la fuente, siendo la persona usuaria, la \u00fanica responsable del mal uso de los mismos.<\/span><br ><span  style=\"color: rgb(107, 124, 147);\">\r\nPara acceder a la informaci\u00f3n contenida en el sitio Web y utilizar los servicios ofrecidos, los menores de edad deben obtener previamente permiso de sus padres, tutores o representantes legales. Los datos, textos, informaciones, gr\u00e1ficos o v\u00ednculos publicados en la Web, son recopilados con efectos meramente informativos para todas aquellas personas interesadas en los mismos sin que, su acceso, genere relaci\u00f3n comercial, contractual o profesional entre las personas usuarias y la empresa. En caso de discrepancia entre la informaci\u00f3n contenida en el sitio Web y la contenida en papel, prevalecer\u00e1 esta \u00faltima. La empresa se reserva el derecho de modificar los contenidos del dominio Web sin previo aviso.<\/span><br ><span  style=\"color: rgb(107, 124, 147);\">\r\nLos enlaces e hipertexto que, en su caso, posibiliten el acceso a trav\u00e9s del sitio Web a prestaciones y servicios ofrecidos por terceros, no pertenecen ni se encuentran bajo el control de la empresa, por lo que no se hace responsable \u00e9sta ni de la informaci\u00f3n contenida en los mismos ni de cualquiera de los efectos que pudieran derivarse de dicha informaci\u00f3n.<\/span><br ><span  style=\"color: rgb(107, 124, 147);\">\r\nLas personas usuarias tiene terminantemente prohibido introducir cualquier tipo de virus en el dominio Web, as\u00ed como intentar acceder a los datos del mismo, modificarlos, acceder a las cuentas de correo, mensajes, etc.<\/span><br ><span  style=\"color: rgb(107, 124, 147);\">\r\nLa empresa no garantiza la calidad, exactitud, fiabilidad, correcci\u00f3n o moralidad de los datos, programas, informaciones u opiniones, cualquiera que sea el origen, que circulen por su red o por las redes a las que la persona usuaria pueda acceder a trav\u00e9s de la Web. El usuario\/a acepta expresamente dejar exenta a la empresa de cualquier responsabilidad relacionada con la Web. La persona usuaria asume bajo su exclusiva responsabilidad las consecuencias, da\u00f1os o acciones que pudieran derivarse del acceso a dichos contenidos as\u00ed como de su reproducci\u00f3n o difusi\u00f3n.<\/span><br ><span  style=\"color: rgb(107, 124, 147);\">\r\nLa empresa no ser\u00e1 responsable de las infracciones de cualquier persona usuaria que afecten a los derechos de otro Usuario de la Web, o de terceros, incluyendo los derechos de copyright, marcas, patentes, informaci\u00f3n confidencial y cualquier otro derecho de propiedad intelectual o industrial. La empresa har\u00e1 uso de las acciones civiles o penales que por ley corresponda, ante cualquier utilizaci\u00f3n indebida de su dominio Web. Los litigios que pudieran surgir en relaci\u00f3n a este dominio se regir\u00e1n \u00fanicamente por el derecho espa\u00f1ol, someti\u00e9ndose a los Juzgados y Tribunales competentes de ciudad. <span style=\"font-weight: 400;\" >NOTA LEGAL.<\/span><\/span><\/p><\/div> <\/div> <div  class=\"row center-xs middle-xs\"> <div  class=\"col-xs col-sm-8 space-bottom image-group-bottom-3\"> <img decoding=\"async\"  class=\"left-img shadow-large-black\" src=\"https:\/\/cogaprel.es\/shop\/wp-content\/uploads\/2022\/04\/cropped-sattler_06.jpg\" title=\"cropped-sattler_06.jpg\" alt=\"\"> <img decoding=\"async\"  class=\"center-img shadow-large-black\" src=\"https:\/\/cogaprel.es\/shop\/wp-content\/uploads\/2022\/04\/cropped-sattler_02.jpg\" title=\"cropped-sattler_02.jpg\" alt=\"\"> <img decoding=\"async\"  class=\"right-img shadow-large-black\" src=\"https:\/\/cogaprel.es\/shop\/wp-content\/uploads\/2022\/04\/cropped-Graypants-wick-black-new-wicks-1.jpg\" title=\"cropped-Graypants-wick-black-new-wicks-1.jpg\" alt=\"\"><\/div> <\/div><\/div> <\/div>","protected":false},"excerpt":{"rendered":"<p>Notal LegalCOGAPREL informa sobre el uso de su web La web de COGAPREL, S.L. tiene como fin facilitar el conocimiento de la empresa, las actividades que realiza y los servicios que presta. COGAPREL, S.L. se reserva la facultad de efectuar, en cualquier momento y sin previo aviso, modificaciones de la informaci\u00f3n contenida en su web.&hellip; <br \/> <a class=\"read-more\" href=\"https:\/\/cogaprel.es\/shop\/nota-legal-cogaprel\/\">Read more<\/a><\/p>\n","protected":false},"author":1,"featured_media":0,"parent":0,"menu_order":0,"comment_status":"closed","ping_status":"closed","template":"pro\/page-templates\/full-width-page.php","meta":{"footnotes":""},"class_list":["post-167","page","type-page","status-publish","hentry"],"_links":{"self":[{"href":"https:\/\/cogaprel.es\/shop\/wp-json\/wp\/v2\/pages\/167","targetHints":{"allow":["GET"]}}],"collection":[{"href":"https:\/\/cogaprel.es\/shop\/wp-json\/wp\/v2\/pages"}],"about":[{"href":"https:\/\/cogaprel.es\/shop\/wp-json\/wp\/v2\/types\/page"}],"author":[{"embeddable":true,"href":"https:\/\/cogaprel.es\/shop\/wp-json\/wp\/v2\/users\/1"}],"replies":[{"embeddable":true,"href":"https:\/\/cogaprel.es\/shop\/wp-json\/wp\/v2\/comments?post=167"}],"version-history":[{"count":0,"href":"https:\/\/cogaprel.es\/shop\/wp-json\/wp\/v2\/pages\/167\/revisions"}],"wp:attachment":[{"href":"https:\/\/cogaprel.es\/shop\/wp-json\/wp\/v2\/media?parent=167"}],"curies":[{"name":"wp","href":"https:\/\/api.w.org\/{rel}","templated":true}]}}