{"id":165,"date":"2022-04-26T14:10:34","date_gmt":"2022-04-26T14:10:34","guid":{"rendered":"http:\/\/cogaprel.es\/shop\/?page_id=165"},"modified":"2023-03-20T16:25:03","modified_gmt":"2023-03-20T16:25:03","slug":"rgpd-cogaprel","status":"publish","type":"page","link":"https:\/\/cogaprel.es\/shop\/rgpd-cogaprel\/","title":{"rendered":"RGPD"},"content":{"rendered":"<div  data-label=\"Content\" data-id=\"content--1\" data-export-id=\"content-12\" data-category=\"content\" class=\"content-12 content-section content-section-spacing\" id=\"content-1\" style=\"background-color: rgb(255, 255, 255);\"><div  class=\"gridContainer\"> <div  class=\"row text-center\"><div  class=\"section-title-col\" data-type=\"column\"> <h2  class=\"\"><span  style=\"text-decoration: underline;\"><span  style=\"color: rgb(107, 124, 147); text-decoration: underline;\">POLITICA DE PRIVACIDAD<\/span><\/span><\/h2><p  class=\"lead\" style=\"text-align: justify;\"><span  style=\"color: rgb(107, 124, 147);\">En cumplimiento con el deber de informaci\u00f3n recogido en art\u00edculo 10 de la Ley 34\/2002, de 11 de julio, de Servicios de la Sociedad de la Informaci\u00f3n y de Comercio Electr\u00f3nico, a continuaci\u00f3n se reflejan los siguientes datos: La empresa titular de <span  style=\"font-weight: 700;\">www.cogaprel.com<\/span> es COGAPREL, S.L. con domicilio en <span  style=\"font-weight: 700;\">C\/CERQUEIRO n\u00ba3 BAJO. 36212 VIGO. PONTEVEDRA<\/span>, correo electr\u00f3nico: <span  style=\"font-weight: 700;\">cogaprel@cogaprel.com<\/span>, tel\u00e9fono contacto: <span  style=\"font-weight: 700;\">+34 (986)205025<\/span> , con n\u00famero de C.I.F: <span  style=\"font-weight: 600;\">B36655637<\/span>, inscrita en el <span  style=\"font-weight: 600;\">Registro Mercantil de Pontevedra L.615, F.12O, H.8.477.<\/span><\/span><\/p><p  class=\"lead\"><span  style=\"text-decoration: underline;\"><span  style=\"color: rgb(107, 124, 147); font-weight: 700; font-style: italic; text-decoration: underline;\">No comerciamos con sus datos\/ Do Not Sell<\/span><\/span><\/p> <p  class=\"lead\" style=\"text-align: justify;\"><span  style=\"color: rgb(107, 124, 147);\">Desde <span  style=\"font-weight: 600;\">COGAPREL, S.L.<\/span> le informamos que <span  style=\"text-decoration: underline;\"><span  style=\"font-weight: 400; font-style: italic;\">no comerciamos con sus datos de ninguna forma<\/span><\/span>. No vendemos, ni venderemos, los datos de nuestros clientes a terceros. Ni tampoco los cederemos con conocimiento de causa para realizar labor comercial alguna.&nbsp;<\/span><\/p><p  class=\"lead\"><span  style=\"color: rgb(107, 124, 147); font-weight: 700;\">INFORMACION ADICIONAL SOBRE LA PROTECCI\u00d3N DE DATOS \n<br ><span style=\"font-size: 1.2rem;\" >POLITICA DE PRIVACIDAD:<\/span><\/span><\/p><p  class=\"lead\" style=\"text-align: justify;\"><span  style=\"color: rgb(107, 124, 147);\"><span  style=\"font-weight: 600;\">1) RESPONSABLE:<\/span> \u00bfQui\u00e9n es el Responsable del tratamiento de sus datos?<\/span><br ><span  style=\"color: rgb(107, 124, 147);\">\nIdentidad: COGAPREL, S.L.\u2013 CIF: B36655637<\/span><br ><span  style=\"color: rgb(107, 124, 147);\">\nDirecci\u00f3n Postal: C\/ CERQUEIRRO N\u00ba3 BAJO. 36212 VIGO. PONTEVEDRA<\/span><br ><span  style=\"color: rgb(107, 124, 147);\">\nTel\u00e9fono: +34 986205025<\/span><br ><span  style=\"color: rgb(107, 124, 147);\">\nCorreo electr\u00f3nico: cogaprel@cogaprel.com<\/span><br ><span  style=\"color: rgb(107, 124, 147);\"><span  style=\"font-weight: 600;\">\n2) FINALIDAD:<\/span> \u00bfCon qu\u00e9 finalidad tratamos sus datos personales?<\/span><br ><span  style=\"color: rgb(107, 124, 147);\">\nEn COGAPREL, S.L. tratamos la informaci\u00f3n que nos facilitan las personas interesadas para las siguientes finalidades:<\/span><br ><span  style=\"color: rgb(107, 124, 147);\">\n\u2013 Presentar presupuestos con informaci\u00f3n sobre nuestros productos y servicios<\/span><br ><span  style=\"color: rgb(107, 124, 147);\">\n\u2013 Prestar el servicio solicitado, realizar la facturaci\u00f3n del mismo.<\/span><br ><span  style=\"color: rgb(107, 124, 147);\">\n\u2013 Enviar publicidad relacionada con nuestros productos y servicios por cualquier medio (postal, email o tel\u00e9fono) e invitarle a eventos organizados por la empresa<\/span><br ><span  style=\"color: rgb(107, 124, 147);\"><span  style=\"font-weight: 600;\">\n3) LIMITACI\u00d3N PLAZO DE CONSERVACION:<\/span> \u00bfPor cu\u00e1nto tiempo conservaremos sus datos?<\/span><br ><span  style=\"color: rgb(107, 124, 147);\">\nLos datos proporcionados se conservar\u00e1n mientras se mantenga la relaci\u00f3n comercial o durante los a\u00f1os necesarios para cumplir con las obligaciones legales.<\/span><br ><span  style=\"color: rgb(107, 124, 147);\"><span  style=\"font-weight: 600;\">\n4) LEGITIMACION:<\/span> \u00bfCu\u00e1l es la legitimaci\u00f3n para el tratamiento de sus datos?<\/span><br ><span  style=\"color: rgb(107, 124, 147);\">\nLa base legal para el tratamiento de los datos es el consentimiento obtenido del interesado, adem\u00e1s de la contrataci\u00f3n de los servicios.<\/span><br ><span  style=\"color: rgb(107, 124, 147);\"><span  style=\"font-weight: 600;\">\n5) DESTINATARIOS:<\/span> \u00bfA qu\u00e9 destinatarios se comunicar\u00e1n sus datos?<\/span><br ><span  style=\"color: rgb(107, 124, 147);\">\nLos datos se comunicar\u00e1n a:<\/span><br ><span  style=\"color: rgb(107, 124, 147);\">\n\u2013 Administraci\u00f3n Tributaria<\/span><br ><span  style=\"color: rgb(107, 124, 147);\">\n\u2013 Bancos y Entidades Financieras<\/span><br ><span  style=\"color: rgb(107, 124, 147);\">\n\u2013 Gestor\u00eda<\/span><br ><span  style=\"color: rgb(107, 124, 147);\">\n\u2013 Entidades de recobro de morosos<\/span><br ><span  style=\"color: rgb(107, 124, 147);\"><span  style=\"font-weight: 600;\">\n6) DERECHOS:<\/span> \u00bfCu\u00e1les son sus derechos cuando nos facilita sus datos?<\/span><br ><span  style=\"color: rgb(107, 124, 147);\">\nCualquier persona tiene derecho a obtener confirmaci\u00f3n sobre si en COGAPREL, S.L. estamos tratando datos personales que les conciernan, o no.<\/span><br ><span  style=\"color: rgb(107, 124, 147);\">\nLas personas interesadas tienen derecho a accedera sus datos personales, as\u00ed como a solicitar la rectificaci\u00f3nde los datos inexactos o, en su caso, solicitar su supresi\u00f3ncuando, entre otros motivos, los datos, ya no sean necesarios para los fines que fueron recogidos.<\/span><br ><span  style=\"color: rgb(107, 124, 147);\">\nEn determinadas circunstancias, los interesados podr\u00e1n solicitar lalimitaci\u00f3n del tratamientode sus datos, en cuyo caso \u00fanicamente los conservaremos para el ejercicio o la defensa de reclamaciones.<\/span><br ><span  style=\"color: rgb(107, 124, 147);\">\nEn determinadas circunstancias y por motivos relacionados con su situaci\u00f3n particular, los interesados podr\u00e1n oponerse al tratamientode sus datos. COGAPREL, S.L. dejar\u00e1 de tratar los datos, salvo por motivos leg\u00edtimos imperiosos, o elejercicio o la defensa de posibles reclamaciones.<\/span><br ><span  style=\"color: rgb(107, 124, 147);\">\nEl interesado tiene derecho a retirar el consentimiento en cualquier momento, sin que ello afecte a la licitud del tratamiento basado en el consentimiento previo a su retirada.<\/span><br ><span  style=\"color: rgb(107, 124, 147);\">\nPara obtener informaci\u00f3n adicional sobre sus derechos visite la p\u00e1gina Web de la Agencia Espa\u00f1ola de Protecci\u00f3n de Datos (https:\/\/www.agpd.es\/)<\/span><br ><span  style=\"color: rgb(107, 124, 147);\">\nPara ejercer su derechos puede escribirnos un correo electr\u00f3nico a cogaprel@cogaprel.com en el que debe identificarse adjuntando copia de su DNI e indicar el derecho que desea ejercer y el motivo.<\/span><br ><span  style=\"color: rgb(107, 124, 147);\"><span  style=\"font-weight: 600;\">\n7) PROCEDENCIA:<\/span> \u00bfC\u00f3mo hemos obtenido sus datos?<\/span><br ><span  style=\"color: rgb(107, 124, 147);\">\n\u2013 Los datos personales que tratamos en COGAPREL, S.L. proceden del propio<\/span><br ><span  style=\"color: rgb(107, 124, 147);\">\n\u2013 Las categor\u00edas de datos que se tratan son:<\/span><br ><span  style=\"color: rgb(107, 124, 147);\">\no Datos de identificaci\u00f3n.<\/span><br ><span  style=\"color: rgb(107, 124, 147);\">\no Direcciones postales o electr\u00f3nicas.<\/span><br ><span  style=\"color: rgb(107, 124, 147);\">\no Datos Econ\u00f3micos.<\/span><br ><span  style=\"color: rgb(107, 124, 147);\">\n\u2013 No se tratan datos especialmente protegidos.<\/span><\/p><\/div> <\/div> <div  class=\"row center-xs middle-xs\"> <div  class=\"col-sm-9\" data-type=\"column\"> <img  decoding=\"async\" class=\"shadow-large\" src=\"https:\/\/cogaprel.es\/shop\/wp-content\/uploads\/2022\/04\/cropped-Logo_RGPD.jpg\" title=\"cropped-Logo_RGPD.jpg\" alt=\"\"><\/div> <\/div><\/div> <\/div>","protected":false},"excerpt":{"rendered":"<p>POLITICA DE PRIVACIDADEn cumplimiento con el deber de informaci\u00f3n recogido en art\u00edculo 10 de la Ley 34\/2002, de 11 de julio, de Servicios de la Sociedad de la Informaci\u00f3n y de Comercio Electr\u00f3nico, a continuaci\u00f3n se reflejan los siguientes datos: La empresa titular de www.cogaprel.com es COGAPREL, S.L. con domicilio en C\/CERQUEIRO n\u00ba3 BAJO. 36212&hellip; <br \/> <a class=\"read-more\" href=\"https:\/\/cogaprel.es\/shop\/rgpd-cogaprel\/\">Read more<\/a><\/p>\n","protected":false},"author":1,"featured_media":175,"parent":0,"menu_order":0,"comment_status":"closed","ping_status":"closed","template":"pro\/page-templates\/full-width-page.php","meta":{"footnotes":""},"class_list":["post-165","page","type-page","status-publish","has-post-thumbnail","hentry"],"_links":{"self":[{"href":"https:\/\/cogaprel.es\/shop\/wp-json\/wp\/v2\/pages\/165","targetHints":{"allow":["GET"]}}],"collection":[{"href":"https:\/\/cogaprel.es\/shop\/wp-json\/wp\/v2\/pages"}],"about":[{"href":"https:\/\/cogaprel.es\/shop\/wp-json\/wp\/v2\/types\/page"}],"author":[{"embeddable":true,"href":"https:\/\/cogaprel.es\/shop\/wp-json\/wp\/v2\/users\/1"}],"replies":[{"embeddable":true,"href":"https:\/\/cogaprel.es\/shop\/wp-json\/wp\/v2\/comments?post=165"}],"version-history":[{"count":0,"href":"https:\/\/cogaprel.es\/shop\/wp-json\/wp\/v2\/pages\/165\/revisions"}],"wp:featuredmedia":[{"embeddable":true,"href":"https:\/\/cogaprel.es\/shop\/wp-json\/wp\/v2\/media\/175"}],"wp:attachment":[{"href":"https:\/\/cogaprel.es\/shop\/wp-json\/wp\/v2\/media?parent=165"}],"curies":[{"name":"wp","href":"https:\/\/api.w.org\/{rel}","templated":true}]}}